{"id":1280,"date":"2026-04-13T13:32:25","date_gmt":"2026-04-13T16:32:25","guid":{"rendered":"https:\/\/progepe.ufape.edu.br\/?page_id=1280"},"modified":"2026-04-13T14:35:29","modified_gmt":"2026-04-13T17:35:29","slug":"acoes-e-capacitacoes-ddp","status":"publish","type":"page","link":"https:\/\/progepe.ufape.edu.br\/?page_id=1280","title":{"rendered":"A\u00e7\u00f5es e Capacita\u00e7\u00f5es &#8211; DDP"},"content":{"rendered":"\t\t<div data-elementor-type=\"wp-page\" data-elementor-id=\"1280\" class=\"elementor elementor-1280\">\n\t\t\t\t<div class=\"elementor-element elementor-element-707c8991 e-flex e-con-boxed wpr-particle-no wpr-jarallax-no wpr-parallax-no wpr-sticky-section-no e-con e-parent\" data-id=\"707c8991\" data-element_type=\"container\">\n\t\t\t\t\t<div class=\"e-con-inner\">\n\t\t\t\t<div class=\"elementor-element elementor-element-213e84a4 elementor-widget elementor-widget-text-editor\" data-id=\"213e84a4\" data-element_type=\"widget\" data-widget_type=\"text-editor.default\">\n\t\t\t\t\t\t\t\t\t\n<div class=\"wp-block-group is-nowrap is-layout-flex wp-container-core-group-is-layout-6c531013 wp-block-group-is-layout-flex\"><\/div>\n\n\n\n<div class=\"wp-block-group is-layout-grid wp-container-core-group-is-layout-478b6e6b wp-block-group-is-layout-grid\"><\/div>\n\n\n\n<p><\/p>\n\n\n\n<div class=\"wp-block-columns is-layout-flex wp-container-core-columns-is-layout-28f84493 wp-block-columns-is-layout-flex\"><\/div>\n\n\n\n<div class=\"wp-block-columns is-layout-flex wp-container-core-columns-is-layout-28f84493 wp-block-columns-is-layout-flex\"><\/div>\n\n\n\n<div class=\"wp-block-columns is-layout-flex wp-container-core-columns-is-layout-28f84493 wp-block-columns-is-layout-flex\"><\/div>\n\n\n\n<div class=\"wp-block-columns is-layout-flex wp-container-core-columns-is-layout-28f84493 wp-block-columns-is-layout-flex\"><\/div>\n\n\n\n<p><\/p>\n\n\n\n<p><\/p>\n\n\n\n\n\n<div class=\"wp-block-columns is-layout-flex wp-container-core-columns-is-layout-28f84493 wp-block-columns-is-layout-flex\"><\/div>\n\n\n\n<div class=\"wp-block-group is-layout-constrained wp-block-group-is-layout-constrained\">\n<div class=\"wp-block-columns is-layout-flex wp-container-core-columns-is-layout-28f84493 wp-block-columns-is-layout-flex\"><\/div>\n<\/div>\n\n\n\n<p><\/p>\n\t\t\t\t\t\t\t\t<\/div>\n\t\t\t\t\t<\/div>\n\t\t\t\t<\/div>\n\t\t<div class=\"elementor-element elementor-element-83a8c80 e-grid e-con-boxed wpr-particle-no wpr-jarallax-no wpr-parallax-no wpr-sticky-section-no e-con e-parent\" data-id=\"83a8c80\" data-element_type=\"container\">\n\t\t\t\t\t<div class=\"e-con-inner\">\n\t\t\t\t\t<\/div>\n\t\t\t\t<\/div>\n\t\t<div class=\"elementor-element elementor-element-d671c78 e-grid e-con-boxed wpr-particle-no wpr-jarallax-no wpr-parallax-no wpr-sticky-section-no e-con e-parent\" data-id=\"d671c78\" data-element_type=\"container\">\n\t\t\t\t\t<div class=\"e-con-inner\">\n\t\t\t\t<div class=\"elementor-element elementor-element-b2eb64b elementor-position-left elementor-vertical-align-top elementor-widget elementor-widget-image-box\" data-id=\"b2eb64b\" data-element_type=\"widget\" data-widget_type=\"image-box.default\">\n\t\t\t\t\t<div class=\"elementor-image-box-wrapper\"><figure class=\"elementor-image-box-img\"><a href=\"https:\/\/docs.google.com\/forms\/d\/e\/1FAIpQLSeZ-EsY-SFqSMgq7ay_zAsFOHbQWmnqJ4wsAtzzBmpCHcQpkw\/viewform\" tabindex=\"-1\"><img fetchpriority=\"high\" decoding=\"async\" width=\"1080\" height=\"1350\" src=\"https:\/\/progepe.ufape.edu.br\/wp-content\/uploads\/2026\/04\/LGBTQIA-1.jpg\" class=\"attachment-full size-full wp-image-1285\" alt=\"\" srcset=\"https:\/\/progepe.ufape.edu.br\/wp-content\/uploads\/2026\/04\/LGBTQIA-1.jpg 1080w, https:\/\/progepe.ufape.edu.br\/wp-content\/uploads\/2026\/04\/LGBTQIA-1-240x300.jpg 240w, https:\/\/progepe.ufape.edu.br\/wp-content\/uploads\/2026\/04\/LGBTQIA-1-819x1024.jpg 819w, https:\/\/progepe.ufape.edu.br\/wp-content\/uploads\/2026\/04\/LGBTQIA-1-768x960.jpg 768w\" sizes=\"(max-width: 1080px) 100vw, 1080px\" \/><\/a><\/figure><div class=\"elementor-image-box-content\"><h3 class=\"elementor-image-box-title\"><a href=\"https:\/\/docs.google.com\/forms\/d\/e\/1FAIpQLSeZ-EsY-SFqSMgq7ay_zAsFOHbQWmnqJ4wsAtzzBmpCHcQpkw\/viewform\"><span style=\"font-family: Roboto, Arial, sans-serif;font-size: 14.6667px;font-weight: 400\">&nbsp;<\/span><span style=\"font-family: Roboto, Arial, sans-serif;font-size: 14.6667px;font-weight: 400\">T\u00f3picos em Gest\u00e3o P\u00fablica: Pessoas LGBTQIA+ e o acesso ao ensino superior p\u00fablico, gratuito e de qualidade: direitos para a dignidade&nbsp;<\/span><\/a><\/h3><p class=\"elementor-image-box-description\"><b>INSCRI\u00c7\u00d5ES DE 13 A 20\/04\/2026.<\/b><br>\n\nTOTAL DE VAGAS: 40.\n\n<\/p><\/div><\/div>\t\t\t\t<\/div>\n\t\t\t\t<div class=\"elementor-element elementor-element-2a312d3 elementor-position-left elementor-vertical-align-top elementor-widget elementor-widget-image-box\" data-id=\"2a312d3\" data-element_type=\"widget\" data-widget_type=\"image-box.default\">\n\t\t\t\t\t<div class=\"elementor-image-box-wrapper\"><figure class=\"elementor-image-box-img\"><a href=\"https:\/\/docs.google.com\/forms\/d\/e\/1FAIpQLSdHI5wgN4Rx1bnm0zesuOtaNomOJV5yTA7kHV9o8utq9z5v-A\/viewform\" tabindex=\"-1\"><img decoding=\"async\" width=\"1080\" height=\"1350\" src=\"https:\/\/progepe.ufape.edu.br\/wp-content\/uploads\/2026\/04\/WhatsApp-Image-2026-04-13-at-13.44.43.jpeg\" class=\"attachment-full size-full wp-image-1292\" alt=\"\" srcset=\"https:\/\/progepe.ufape.edu.br\/wp-content\/uploads\/2026\/04\/WhatsApp-Image-2026-04-13-at-13.44.43.jpeg 1080w, https:\/\/progepe.ufape.edu.br\/wp-content\/uploads\/2026\/04\/WhatsApp-Image-2026-04-13-at-13.44.43-240x300.jpeg 240w, https:\/\/progepe.ufape.edu.br\/wp-content\/uploads\/2026\/04\/WhatsApp-Image-2026-04-13-at-13.44.43-819x1024.jpeg 819w, https:\/\/progepe.ufape.edu.br\/wp-content\/uploads\/2026\/04\/WhatsApp-Image-2026-04-13-at-13.44.43-768x960.jpeg 768w\" sizes=\"(max-width: 1080px) 100vw, 1080px\" \/><\/a><\/figure><div class=\"elementor-image-box-content\"><h3 class=\"elementor-image-box-title\"><a href=\"https:\/\/docs.google.com\/forms\/d\/e\/1FAIpQLSdHI5wgN4Rx1bnm0zesuOtaNomOJV5yTA7kHV9o8utq9z5v-A\/viewform\">Saberes e Pr\u00e1ticas Antirracistas na universidade<\/a><\/h3><p class=\"elementor-image-box-description\">INSCRI\u00c7\u00d5ES DE 13 A 20\/04\/2026.<br>\nTOTAL DE VAGAS: 30. \n\n\n<\/p><\/div><\/div>\t\t\t\t<\/div>\n\t\t\t\t\t<\/div>\n\t\t\t\t<\/div>\n\t\t<div class=\"elementor-element elementor-element-199308b e-flex e-con-boxed wpr-particle-no wpr-jarallax-no wpr-parallax-no wpr-sticky-section-no e-con e-parent\" data-id=\"199308b\" data-element_type=\"container\">\n\t\t\t\t\t<div class=\"e-con-inner\">\n\t\t\t\t\t<\/div>\n\t\t\t\t<\/div>\n\t\t\t\t<\/div>\n\t\t","protected":false},"excerpt":{"rendered":"<p>&nbsp;T\u00f3picos em Gest\u00e3o P\u00fablica: Pessoas LGBTQIA+ e o acesso ao ensino superior p\u00fablico, gratuito e de qualidade: direitos para a dignidade&nbsp; INSCRI\u00c7\u00d5ES DE 13 A 20\/04\/2026. TOTAL DE VAGAS: 40. Saberes e Pr\u00e1ticas Antirracistas na universidade INSCRI\u00c7\u00d5ES DE 13 A 20\/04\/2026. TOTAL DE VAGAS: 30.<\/p>\n","protected":false},"author":6,"featured_media":0,"parent":0,"menu_order":0,"comment_status":"closed","ping_status":"closed","template":"","meta":{"site-sidebar-layout":"no-sidebar","site-content-layout":"","ast-site-content-layout":"full-width-container","site-content-style":"default","site-sidebar-style":"default","ast-global-header-display":"","ast-banner-title-visibility":"","ast-main-header-display":"","ast-hfb-above-header-display":"","ast-hfb-below-header-display":"","ast-hfb-mobile-header-display":"","site-post-title":"","ast-breadcrumbs-content":"","ast-featured-img":"disabled","footer-sml-layout":"","theme-transparent-header-meta":"","adv-header-id-meta":"","stick-header-meta":"","header-above-stick-meta":"","header-main-stick-meta":"","header-below-stick-meta":"","astra-migrate-meta-layouts":"default","ast-page-background-enabled":"default","ast-page-background-meta":{"desktop":{"background-color":"var(--ast-global-color-5)","background-image":"","background-repeat":"repeat","background-position":"center center","background-size":"auto","background-attachment":"scroll","background-type":"","background-media":"","overlay-type":"","overlay-color":"","overlay-opacity":"","overlay-gradient":""},"tablet":{"background-color":"","background-image":"","background-repeat":"repeat","background-position":"center center","background-size":"auto","background-attachment":"scroll","background-type":"","background-media":"","overlay-type":"","overlay-color":"","overlay-opacity":"","overlay-gradient":""},"mobile":{"background-color":"","background-image":"","background-repeat":"repeat","background-position":"center center","background-size":"auto","background-attachment":"scroll","background-type":"","background-media":"","overlay-type":"","overlay-color":"","overlay-opacity":"","overlay-gradient":""}},"ast-content-background-meta":{"desktop":{"background-color":"var(--ast-global-color-4)","background-image":"","background-repeat":"repeat","background-position":"center center","background-size":"auto","background-attachment":"scroll","background-type":"","background-media":"","overlay-type":"","overlay-color":"","overlay-opacity":"","overlay-gradient":""},"tablet":{"background-color":"var(--ast-global-color-4)","background-image":"","background-repeat":"repeat","background-position":"center center","background-size":"auto","background-attachment":"scroll","background-type":"","background-media":"","overlay-type":"","overlay-color":"","overlay-opacity":"","overlay-gradient":""},"mobile":{"background-color":"var(--ast-global-color-4)","background-image":"","background-repeat":"repeat","background-position":"center center","background-size":"auto","background-attachment":"scroll","background-type":"","background-media":"","overlay-type":"","overlay-color":"","overlay-opacity":"","overlay-gradient":""}},"footnotes":""},"class_list":["post-1280","page","type-page","status-publish","hentry"],"_links":{"self":[{"href":"https:\/\/progepe.ufape.edu.br\/index.php?rest_route=\/wp\/v2\/pages\/1280","targetHints":{"allow":["GET"]}}],"collection":[{"href":"https:\/\/progepe.ufape.edu.br\/index.php?rest_route=\/wp\/v2\/pages"}],"about":[{"href":"https:\/\/progepe.ufape.edu.br\/index.php?rest_route=\/wp\/v2\/types\/page"}],"author":[{"embeddable":true,"href":"https:\/\/progepe.ufape.edu.br\/index.php?rest_route=\/wp\/v2\/users\/6"}],"replies":[{"embeddable":true,"href":"https:\/\/progepe.ufape.edu.br\/index.php?rest_route=%2Fwp%2Fv2%2Fcomments&post=1280"}],"version-history":[{"count":8,"href":"https:\/\/progepe.ufape.edu.br\/index.php?rest_route=\/wp\/v2\/pages\/1280\/revisions"}],"predecessor-version":[{"id":1295,"href":"https:\/\/progepe.ufape.edu.br\/index.php?rest_route=\/wp\/v2\/pages\/1280\/revisions\/1295"}],"wp:attachment":[{"href":"https:\/\/progepe.ufape.edu.br\/index.php?rest_route=%2Fwp%2Fv2%2Fmedia&parent=1280"}],"curies":[{"name":"wp","href":"https:\/\/api.w.org\/{rel}","templated":true}]}}