{"id":223,"date":"2025-10-01T09:15:16","date_gmt":"2025-10-01T12:15:16","guid":{"rendered":"https:\/\/progepe.ufape.edu.br\/?page_id=223"},"modified":"2025-10-21T10:44:25","modified_gmt":"2025-10-21T13:44:25","slug":"pgd","status":"publish","type":"page","link":"https:\/\/progepe.ufape.edu.br\/?page_id=223","title":{"rendered":"PGD"},"content":{"rendered":"\t\t<div data-elementor-type=\"wp-page\" data-elementor-id=\"223\" class=\"elementor elementor-223\">\n\t\t\t\t<div class=\"elementor-element elementor-element-b5b28be e-flex e-con-boxed wpr-particle-no wpr-jarallax-no wpr-parallax-no wpr-sticky-section-no e-con e-parent\" data-id=\"b5b28be\" data-element_type=\"container\">\n\t\t\t\t\t<div class=\"e-con-inner\">\n\t\t\t\t<div class=\"elementor-element elementor-element-f680cee elementor-widget elementor-widget-image\" data-id=\"f680cee\" data-element_type=\"widget\" data-widget_type=\"image.default\">\n\t\t\t\t\t\t\t\t\t\t\t\t\t\t\t<img fetchpriority=\"high\" decoding=\"async\" width=\"1024\" height=\"1024\" src=\"https:\/\/progepe.ufape.edu.br\/wp-content\/uploads\/2025\/10\/Logo_PGD_Colorida_TextoLateral-1024x1024.png\" class=\"attachment-large size-large wp-image-788\" alt=\"\" srcset=\"https:\/\/progepe.ufape.edu.br\/wp-content\/uploads\/2025\/10\/Logo_PGD_Colorida_TextoLateral-1024x1024.png 1024w, https:\/\/progepe.ufape.edu.br\/wp-content\/uploads\/2025\/10\/Logo_PGD_Colorida_TextoLateral-300x300.png 300w, https:\/\/progepe.ufape.edu.br\/wp-content\/uploads\/2025\/10\/Logo_PGD_Colorida_TextoLateral-150x150.png 150w, https:\/\/progepe.ufape.edu.br\/wp-content\/uploads\/2025\/10\/Logo_PGD_Colorida_TextoLateral-768x768.png 768w, https:\/\/progepe.ufape.edu.br\/wp-content\/uploads\/2025\/10\/Logo_PGD_Colorida_TextoLateral-1536x1536.png 1536w, https:\/\/progepe.ufape.edu.br\/wp-content\/uploads\/2025\/10\/Logo_PGD_Colorida_TextoLateral-2048x2048.png 2048w\" sizes=\"(max-width: 1024px) 100vw, 1024px\" \/>\t\t\t\t\t\t\t\t\t\t\t\t\t\t\t<\/div>\n\t\t\t\t<div class=\"elementor-element elementor-element-5c2c197 elementor-widget elementor-widget-text-editor\" data-id=\"5c2c197\" data-element_type=\"widget\" data-widget_type=\"text-editor.default\">\n\t\t\t\t\t\t\t\t\t<p>O\u00a0programa \u00e9 uma ferramenta de gest\u00e3o aprovada pelo Minist\u00e9rio da Gest\u00e3o e Inova\u00e7\u00e3o em Servi\u00e7os P\u00fablicos (MGI), que visa melhorar o desempenho das institui\u00e7\u00f5es p\u00fablicas federais por meio da gest\u00e3o por resultados. Ele alinha as estrat\u00e9gias organizacionais, os planos de entrega das unidades e os planos de trabalho dos servidores, focando na qualidade dos servi\u00e7os prestados \u00e0 sociedade.<\/p><p>O PGD contempla tr\u00eas modalidades de trabalho: presencial, teletrabalho parcial e teletrabalho integral, permitindo que os servidores realizem suas atividades com base em um plano de trabalho pactuado e de acordo com o plano de entregas da unidade, alinhado ao planejamento estrat\u00e9gico institucional, dispensando o controle de frequ\u00eancia em favor do controle de resultados.<\/p><p>A Universidade Federal do Agreste de Pernambuco (UFAPE), por meio do Grupo de Trabalho (GT) do Programa de Gest\u00e3o desenvolve a\u00e7\u00f5es voltadas para a implanta\u00e7\u00e3o do Programa de Gest\u00e3o e Desempenho (PGD) na UFAPE, em conformidade com as normas vigentes.\u00a0<\/p>\t\t\t\t\t\t\t\t<\/div>\n\t\t\t\t<div class=\"elementor-element elementor-element-0500e35 elementor-widget elementor-widget-heading\" data-id=\"0500e35\" data-element_type=\"widget\" data-widget_type=\"heading.default\">\n\t\t\t\t\t<h5 class=\"elementor-heading-title elementor-size-default\">Para acessar os conte\u00fados desejados, clique nos bot\u00f5es:<\/h5>\t\t\t\t<\/div>\n\t\t\t\t\t<\/div>\n\t\t\t\t<\/div>\n\t\t<div class=\"elementor-element elementor-element-27e349e e-flex e-con-boxed wpr-particle-no wpr-jarallax-no wpr-parallax-no wpr-sticky-section-no e-con e-parent\" data-id=\"27e349e\" data-element_type=\"container\">\n\t\t\t\t\t<div class=\"e-con-inner\">\n\t\t<a class=\"eael-wrapper-link-f666dfb --eael-wrapper-link-tag\" href=\"https:\/\/progepe.ufape.edu.br\/?page_id=273\"><\/a>\t\t<div data-eael-wrapper-link=\"eael-wrapper-link-f666dfb\" class=\"elementor-element elementor-element-f666dfb elementor-widget__width-initial elementor-widget elementor-widget-image\" data-id=\"f666dfb\" data-element_type=\"widget\" data-widget_type=\"image.default\">\n\t\t\t\t\t\t\t\t\t\t\t\t<figure class=\"wp-caption\">\n\t\t\t\t\t\t\t\t\t\t<img decoding=\"async\" width=\"256\" height=\"256\" src=\"https:\/\/progepe.ufape.edu.br\/wp-content\/uploads\/2025\/10\/1-3.png\" class=\"attachment-full size-full wp-image-631\" alt=\"\" srcset=\"https:\/\/progepe.ufape.edu.br\/wp-content\/uploads\/2025\/10\/1-3.png 256w, https:\/\/progepe.ufape.edu.br\/wp-content\/uploads\/2025\/10\/1-3-150x150.png 150w\" sizes=\"(max-width: 256px) 100vw, 256px\" \/>\t\t\t\t\t\t\t\t\t\t\t<figcaption class=\"widget-image-caption wp-caption-text\">Principais Objetivos do PGD<\/figcaption>\n\t\t\t\t\t\t\t\t\t\t<\/figure>\n\t\t\t\t\t\t\t\t\t<\/div>\n\t\t<a class=\"eael-wrapper-link-1f94a3e --eael-wrapper-link-tag\" href=\"https:\/\/progepe.ufape.edu.br\/?page_id=298\"><\/a>\t\t<div data-eael-wrapper-link=\"eael-wrapper-link-1f94a3e\" class=\"elementor-element elementor-element-1f94a3e elementor-widget__width-initial elementor-widget elementor-widget-image\" data-id=\"1f94a3e\" data-element_type=\"widget\" data-widget_type=\"image.default\">\n\t\t\t\t\t\t\t\t\t\t\t\t<figure class=\"wp-caption\">\n\t\t\t\t\t\t\t\t\t\t<img decoding=\"async\" width=\"256\" height=\"256\" src=\"https:\/\/progepe.ufape.edu.br\/wp-content\/uploads\/2025\/10\/2-1.png\" class=\"attachment-full size-full wp-image-632\" alt=\"\" srcset=\"https:\/\/progepe.ufape.edu.br\/wp-content\/uploads\/2025\/10\/2-1.png 256w, https:\/\/progepe.ufape.edu.br\/wp-content\/uploads\/2025\/10\/2-1-150x150.png 150w\" sizes=\"(max-width: 256px) 100vw, 256px\" \/>\t\t\t\t\t\t\t\t\t\t\t<figcaption class=\"widget-image-caption wp-caption-text\">Quem pode e como participar do PGD?<\/figcaption>\n\t\t\t\t\t\t\t\t\t\t<\/figure>\n\t\t\t\t\t\t\t\t\t<\/div>\n\t\t<a class=\"eael-wrapper-link-867bc6a --eael-wrapper-link-tag\" href=\"https:\/\/progepe.ufape.edu.br\/?page_id=311\"><\/a>\t\t<div data-eael-wrapper-link=\"eael-wrapper-link-867bc6a\" class=\"elementor-element elementor-element-867bc6a elementor-widget__width-initial elementor-widget elementor-widget-image\" data-id=\"867bc6a\" data-element_type=\"widget\" data-widget_type=\"image.default\">\n\t\t\t\t\t\t\t\t\t\t\t\t<figure class=\"wp-caption\">\n\t\t\t\t\t\t\t\t\t\t<img loading=\"lazy\" decoding=\"async\" width=\"256\" height=\"256\" src=\"https:\/\/progepe.ufape.edu.br\/wp-content\/uploads\/2025\/10\/3-1.png\" class=\"attachment-full size-full wp-image-633\" alt=\"\" srcset=\"https:\/\/progepe.ufape.edu.br\/wp-content\/uploads\/2025\/10\/3-1.png 256w, https:\/\/progepe.ufape.edu.br\/wp-content\/uploads\/2025\/10\/3-1-150x150.png 150w\" sizes=\"(max-width: 256px) 100vw, 256px\" \/>\t\t\t\t\t\t\t\t\t\t\t<figcaption class=\"widget-image-caption wp-caption-text\">Modalidades de Trabalho no PGD<\/figcaption>\n\t\t\t\t\t\t\t\t\t\t<\/figure>\n\t\t\t\t\t\t\t\t\t<\/div>\n\t\t<a class=\"eael-wrapper-link-39c2274 --eael-wrapper-link-tag\" href=\"https:\/\/progepe.ufape.edu.br\/?page_id=323\"><\/a>\t\t<div data-eael-wrapper-link=\"eael-wrapper-link-39c2274\" class=\"elementor-element elementor-element-39c2274 elementor-widget__width-initial elementor-widget elementor-widget-image\" data-id=\"39c2274\" data-element_type=\"widget\" data-widget_type=\"image.default\">\n\t\t\t\t\t\t\t\t\t\t\t\t<figure class=\"wp-caption\">\n\t\t\t\t\t\t\t\t\t\t<img loading=\"lazy\" decoding=\"async\" width=\"256\" height=\"256\" src=\"https:\/\/progepe.ufape.edu.br\/wp-content\/uploads\/2025\/10\/4-2.png\" class=\"attachment-full size-full wp-image-634\" alt=\"\" srcset=\"https:\/\/progepe.ufape.edu.br\/wp-content\/uploads\/2025\/10\/4-2.png 256w, https:\/\/progepe.ufape.edu.br\/wp-content\/uploads\/2025\/10\/4-2-150x150.png 150w\" sizes=\"(max-width: 256px) 100vw, 256px\" \/>\t\t\t\t\t\t\t\t\t\t\t<figcaption class=\"widget-image-caption wp-caption-text\">O que se enquadra no Teletrabalho?<\/figcaption>\n\t\t\t\t\t\t\t\t\t\t<\/figure>\n\t\t\t\t\t\t\t\t\t<\/div>\n\t\t<a class=\"eael-wrapper-link-71bf979 --eael-wrapper-link-tag\" href=\"https:\/\/progepe.ufape.edu.br\/?page_id=333\"><\/a>\t\t<div data-eael-wrapper-link=\"eael-wrapper-link-71bf979\" class=\"elementor-element elementor-element-71bf979 elementor-widget__width-initial elementor-widget elementor-widget-image\" data-id=\"71bf979\" data-element_type=\"widget\" data-widget_type=\"image.default\">\n\t\t\t\t\t\t\t\t\t\t\t\t<figure class=\"wp-caption\">\n\t\t\t\t\t\t\t\t\t\t<img loading=\"lazy\" decoding=\"async\" width=\"256\" height=\"256\" src=\"https:\/\/progepe.ufape.edu.br\/wp-content\/uploads\/2025\/10\/5-1.png\" class=\"attachment-full size-full wp-image-635\" alt=\"\" srcset=\"https:\/\/progepe.ufape.edu.br\/wp-content\/uploads\/2025\/10\/5-1.png 256w, https:\/\/progepe.ufape.edu.br\/wp-content\/uploads\/2025\/10\/5-1-150x150.png 150w\" sizes=\"(max-width: 256px) 100vw, 256px\" \/>\t\t\t\t\t\t\t\t\t\t\t<figcaption class=\"widget-image-caption wp-caption-text\">Cursos ENAP requisitados<\/figcaption>\n\t\t\t\t\t\t\t\t\t\t<\/figure>\n\t\t\t\t\t\t\t\t\t<\/div>\n\t\t\t\t\t<\/div>\n\t\t\t\t<\/div>\n\t\t<div class=\"elementor-element elementor-element-5e14272 e-flex e-con-boxed wpr-particle-no wpr-jarallax-no wpr-parallax-no wpr-sticky-section-no e-con e-parent\" data-id=\"5e14272\" data-element_type=\"container\">\n\t\t\t\t\t<div class=\"e-con-inner\">\n\t\t<a class=\"eael-wrapper-link-299b7ec --eael-wrapper-link-tag\" href=\"https:\/\/progepe.ufape.edu.br\/?page_id=596\"><\/a>\t\t<div data-eael-wrapper-link=\"eael-wrapper-link-299b7ec\" class=\"elementor-element elementor-element-299b7ec elementor-widget__width-initial elementor-widget elementor-widget-image\" data-id=\"299b7ec\" data-element_type=\"widget\" data-widget_type=\"image.default\">\n\t\t\t\t\t\t\t\t\t\t\t\t<figure class=\"wp-caption\">\n\t\t\t\t\t\t\t\t\t\t<img loading=\"lazy\" decoding=\"async\" width=\"256\" height=\"256\" src=\"https:\/\/progepe.ufape.edu.br\/wp-content\/uploads\/2025\/10\/6-1.png\" class=\"attachment-full size-full wp-image-636\" alt=\"\" srcset=\"https:\/\/progepe.ufape.edu.br\/wp-content\/uploads\/2025\/10\/6-1.png 256w, https:\/\/progepe.ufape.edu.br\/wp-content\/uploads\/2025\/10\/6-1-150x150.png 150w\" sizes=\"(max-width: 256px) 100vw, 256px\" \/>\t\t\t\t\t\t\t\t\t\t\t<figcaption class=\"widget-image-caption wp-caption-text\">V\u00eddeos e Apresenta\u00e7\u00f5es PGD<\/figcaption>\n\t\t\t\t\t\t\t\t\t\t<\/figure>\n\t\t\t\t\t\t\t\t\t<\/div>\n\t\t<a class=\"eael-wrapper-link-99e6912 --eael-wrapper-link-tag\" href=\"https:\/\/progepe.ufape.edu.br\/?page_id=177\"><\/a>\t\t<div data-eael-wrapper-link=\"eael-wrapper-link-99e6912\" class=\"elementor-element elementor-element-99e6912 elementor-widget__width-initial elementor-widget elementor-widget-image\" data-id=\"99e6912\" data-element_type=\"widget\" data-widget_type=\"image.default\">\n\t\t\t\t\t\t\t\t\t\t\t\t<figure class=\"wp-caption\">\n\t\t\t\t\t\t\t\t\t\t<img loading=\"lazy\" decoding=\"async\" width=\"256\" height=\"256\" src=\"https:\/\/progepe.ufape.edu.br\/wp-content\/uploads\/2025\/10\/7-1.png\" class=\"attachment-full size-full wp-image-637\" alt=\"\" srcset=\"https:\/\/progepe.ufape.edu.br\/wp-content\/uploads\/2025\/10\/7-1.png 256w, https:\/\/progepe.ufape.edu.br\/wp-content\/uploads\/2025\/10\/7-1-150x150.png 150w\" sizes=\"(max-width: 256px) 100vw, 256px\" \/>\t\t\t\t\t\t\t\t\t\t\t<figcaption class=\"widget-image-caption wp-caption-text\">Legisla\u00e7\u00f5es Relacionadas ao PGD<\/figcaption>\n\t\t\t\t\t\t\t\t\t\t<\/figure>\n\t\t\t\t\t\t\t\t\t<\/div>\n\t\t\t\t<div class=\"elementor-element elementor-element-5d5d983 elementor-widget__width-initial elementor-widget elementor-widget-image\" data-id=\"5d5d983\" data-element_type=\"widget\" data-widget_type=\"image.default\">\n\t\t\t\t\t\t\t\t\t\t\t\t<figure class=\"wp-caption\">\n\t\t\t\t\t\t\t\t\t\t<img loading=\"lazy\" decoding=\"async\" width=\"256\" height=\"256\" src=\"https:\/\/progepe.ufape.edu.br\/wp-content\/uploads\/2025\/10\/9.png\" class=\"attachment-full size-full wp-image-639\" alt=\"\" srcset=\"https:\/\/progepe.ufape.edu.br\/wp-content\/uploads\/2025\/10\/9.png 256w, https:\/\/progepe.ufape.edu.br\/wp-content\/uploads\/2025\/10\/9-150x150.png 150w\" sizes=\"(max-width: 256px) 100vw, 256px\" \/>\t\t\t\t\t\t\t\t\t\t\t<figcaption class=\"widget-image-caption wp-caption-text\">Resultados e Percep\u00e7\u00f5es do Programa<\/figcaption>\n\t\t\t\t\t\t\t\t\t\t<\/figure>\n\t\t\t\t\t\t\t\t\t<\/div>\n\t\t<a class=\"eael-wrapper-link-7869586 --eael-wrapper-link-tag\" href=\"https:\/\/progepe.ufape.edu.br\/?page_id=785\"><\/a>\t\t<div data-eael-wrapper-link=\"eael-wrapper-link-7869586\" class=\"elementor-element elementor-element-7869586 elementor-widget__width-initial elementor-widget elementor-widget-image\" data-id=\"7869586\" data-element_type=\"widget\" data-widget_type=\"image.default\">\n\t\t\t\t\t\t\t\t\t\t\t\t<figure class=\"wp-caption\">\n\t\t\t\t\t\t\t\t\t\t<img loading=\"lazy\" decoding=\"async\" width=\"256\" height=\"256\" src=\"https:\/\/progepe.ufape.edu.br\/wp-content\/uploads\/2025\/10\/11.png\" class=\"attachment-full size-full wp-image-641\" alt=\"\" srcset=\"https:\/\/progepe.ufape.edu.br\/wp-content\/uploads\/2025\/10\/11.png 256w, https:\/\/progepe.ufape.edu.br\/wp-content\/uploads\/2025\/10\/11-150x150.png 150w\" sizes=\"(max-width: 256px) 100vw, 256px\" \/>\t\t\t\t\t\t\t\t\t\t\t<figcaption class=\"widget-image-caption wp-caption-text\">Manuais e Tutoriais<\/figcaption>\n\t\t\t\t\t\t\t\t\t\t<\/figure>\n\t\t\t\t\t\t\t\t\t<\/div>\n\t\t<a class=\"eael-wrapper-link-777b4d6 --eael-wrapper-link-tag\" href=\"https:\/\/progepe.ufape.edu.br\/?page_id=173\"><\/a>\t\t<div data-eael-wrapper-link=\"eael-wrapper-link-777b4d6\" class=\"elementor-element elementor-element-777b4d6 elementor-widget__width-initial elementor-widget elementor-widget-image\" data-id=\"777b4d6\" data-element_type=\"widget\" data-widget_type=\"image.default\">\n\t\t\t\t\t\t\t\t\t\t\t\t<figure class=\"wp-caption\">\n\t\t\t\t\t\t\t\t\t\t<img loading=\"lazy\" decoding=\"async\" width=\"256\" height=\"256\" src=\"https:\/\/progepe.ufape.edu.br\/wp-content\/uploads\/2025\/10\/10.png\" class=\"attachment-full size-full wp-image-640\" alt=\"\" srcset=\"https:\/\/progepe.ufape.edu.br\/wp-content\/uploads\/2025\/10\/10.png 256w, https:\/\/progepe.ufape.edu.br\/wp-content\/uploads\/2025\/10\/10-150x150.png 150w\" sizes=\"(max-width: 256px) 100vw, 256px\" \/>\t\t\t\t\t\t\t\t\t\t\t<figcaption class=\"widget-image-caption wp-caption-text\">Sistema Utilizado no Programa<\/figcaption>\n\t\t\t\t\t\t\t\t\t\t<\/figure>\n\t\t\t\t\t\t\t\t\t<\/div>\n\t\t<a class=\"eael-wrapper-link-35f77e2 --eael-wrapper-link-tag\" href=\"https:\/\/progepe.ufape.edu.br\/?page_id=826\"><\/a>\t\t<div data-eael-wrapper-link=\"eael-wrapper-link-35f77e2\" class=\"elementor-element elementor-element-35f77e2 elementor-widget__width-initial elementor-widget elementor-widget-image\" data-id=\"35f77e2\" data-element_type=\"widget\" data-widget_type=\"image.default\">\n\t\t\t\t\t\t\t\t\t\t\t\t<figure class=\"wp-caption\">\n\t\t\t\t\t\t\t\t\t\t<img loading=\"lazy\" decoding=\"async\" width=\"256\" height=\"256\" src=\"https:\/\/progepe.ufape.edu.br\/wp-content\/uploads\/2025\/10\/13.png\" class=\"attachment-full size-full wp-image-643\" alt=\"\" srcset=\"https:\/\/progepe.ufape.edu.br\/wp-content\/uploads\/2025\/10\/13.png 256w, https:\/\/progepe.ufape.edu.br\/wp-content\/uploads\/2025\/10\/13-150x150.png 150w\" sizes=\"(max-width: 256px) 100vw, 256px\" \/>\t\t\t\t\t\t\t\t\t\t\t<figcaption class=\"widget-image-caption wp-caption-text\">Estudo de Viabilidade\u00a0T\u00e9cnica (EVT) <\/figcaption>\n\t\t\t\t\t\t\t\t\t\t<\/figure>\n\t\t\t\t\t\t\t\t\t<\/div>\n\t\t\t\t\t<\/div>\n\t\t\t\t<\/div>\n\t\t\t\t<\/div>\n\t\t","protected":false},"excerpt":{"rendered":"<p>O\u00a0programa \u00e9 uma ferramenta de gest\u00e3o aprovada pelo Minist\u00e9rio da Gest\u00e3o e Inova\u00e7\u00e3o em Servi\u00e7os P\u00fablicos (MGI), que visa melhorar o desempenho das institui\u00e7\u00f5es p\u00fablicas federais por meio da gest\u00e3o por resultados. Ele alinha as estrat\u00e9gias organizacionais, os planos de entrega das unidades e os planos de trabalho dos servidores, focando na qualidade dos servi\u00e7os prestados \u00e0 sociedade. O PGD contempla tr\u00eas modalidades de trabalho: presencial, teletrabalho parcial e teletrabalho integral, permitindo que os servidores realizem suas atividades com base em um plano de trabalho pactuado e de acordo com o plano de entregas da unidade, alinhado ao planejamento estrat\u00e9gico institucional, dispensando o controle de frequ\u00eancia em favor do controle de resultados. A Universidade Federal do Agreste de Pernambuco (UFAPE), por meio do Grupo de Trabalho (GT) do Programa de Gest\u00e3o desenvolve a\u00e7\u00f5es voltadas para a implanta\u00e7\u00e3o do Programa de Gest\u00e3o e Desempenho (PGD) na UFAPE, em conformidade com as normas vigentes.\u00a0 Para acessar os conte\u00fados desejados, clique nos bot\u00f5es: Principais Objetivos do PGD Quem pode e como participar do PGD? Modalidades de Trabalho no PGD O que se enquadra no Teletrabalho? Cursos ENAP requisitados V\u00eddeos e Apresenta\u00e7\u00f5es PGD Legisla\u00e7\u00f5es Relacionadas ao PGD Resultados e Percep\u00e7\u00f5es do Programa Manuais e Tutoriais Sistema Utilizado no Programa Estudo de Viabilidade\u00a0T\u00e9cnica (EVT)<\/p>\n","protected":false},"author":1,"featured_media":0,"parent":0,"menu_order":0,"comment_status":"closed","ping_status":"closed","template":"","meta":{"site-sidebar-layout":"no-sidebar","site-content-layout":"","ast-site-content-layout":"full-width-container","site-content-style":"default","site-sidebar-style":"default","ast-global-header-display":"","ast-banner-title-visibility":"","ast-main-header-display":"","ast-hfb-above-header-display":"","ast-hfb-below-header-display":"","ast-hfb-mobile-header-display":"","site-post-title":"disabled","ast-breadcrumbs-content":"","ast-featured-img":"disabled","footer-sml-layout":"","theme-transparent-header-meta":"","adv-header-id-meta":"","stick-header-meta":"","header-above-stick-meta":"","header-main-stick-meta":"","header-below-stick-meta":"","astra-migrate-meta-layouts":"default","ast-page-background-enabled":"default","ast-page-background-meta":{"desktop":{"background-color":"var(--ast-global-color-5)","background-image":"","background-repeat":"repeat","background-position":"center center","background-size":"auto","background-attachment":"scroll","background-type":"","background-media":"","overlay-type":"","overlay-color":"","overlay-opacity":"","overlay-gradient":""},"tablet":{"background-color":"","background-image":"","background-repeat":"repeat","background-position":"center center","background-size":"auto","background-attachment":"scroll","background-type":"","background-media":"","overlay-type":"","overlay-color":"","overlay-opacity":"","overlay-gradient":""},"mobile":{"background-color":"","background-image":"","background-repeat":"repeat","background-position":"center center","background-size":"auto","background-attachment":"scroll","background-type":"","background-media":"","overlay-type":"","overlay-color":"","overlay-opacity":"","overlay-gradient":""}},"ast-content-background-meta":{"desktop":{"background-color":"var(--ast-global-color-4)","background-image":"","background-repeat":"repeat","background-position":"center center","background-size":"auto","background-attachment":"scroll","background-type":"","background-media":"","overlay-type":"","overlay-color":"","overlay-opacity":"","overlay-gradient":""},"tablet":{"background-color":"var(--ast-global-color-4)","background-image":"","background-repeat":"repeat","background-position":"center center","background-size":"auto","background-attachment":"scroll","background-type":"","background-media":"","overlay-type":"","overlay-color":"","overlay-opacity":"","overlay-gradient":""},"mobile":{"background-color":"var(--ast-global-color-4)","background-image":"","background-repeat":"repeat","background-position":"center center","background-size":"auto","background-attachment":"scroll","background-type":"","background-media":"","overlay-type":"","overlay-color":"","overlay-opacity":"","overlay-gradient":""}},"footnotes":""},"class_list":["post-223","page","type-page","status-publish","hentry"],"_links":{"self":[{"href":"https:\/\/progepe.ufape.edu.br\/index.php?rest_route=\/wp\/v2\/pages\/223","targetHints":{"allow":["GET"]}}],"collection":[{"href":"https:\/\/progepe.ufape.edu.br\/index.php?rest_route=\/wp\/v2\/pages"}],"about":[{"href":"https:\/\/progepe.ufape.edu.br\/index.php?rest_route=\/wp\/v2\/types\/page"}],"author":[{"embeddable":true,"href":"https:\/\/progepe.ufape.edu.br\/index.php?rest_route=\/wp\/v2\/users\/1"}],"replies":[{"embeddable":true,"href":"https:\/\/progepe.ufape.edu.br\/index.php?rest_route=%2Fwp%2Fv2%2Fcomments&post=223"}],"version-history":[{"count":100,"href":"https:\/\/progepe.ufape.edu.br\/index.php?rest_route=\/wp\/v2\/pages\/223\/revisions"}],"predecessor-version":[{"id":963,"href":"https:\/\/progepe.ufape.edu.br\/index.php?rest_route=\/wp\/v2\/pages\/223\/revisions\/963"}],"wp:attachment":[{"href":"https:\/\/progepe.ufape.edu.br\/index.php?rest_route=%2Fwp%2Fv2%2Fmedia&parent=223"}],"curies":[{"name":"wp","href":"https:\/\/api.w.org\/{rel}","templated":true}]}}