{"id":273,"date":"2025-10-03T09:26:42","date_gmt":"2025-10-03T12:26:42","guid":{"rendered":"https:\/\/progepe.ufape.edu.br\/?page_id=273"},"modified":"2025-10-13T13:23:28","modified_gmt":"2025-10-13T16:23:28","slug":"principais-objetivos-do-pgd","status":"publish","type":"page","link":"https:\/\/progepe.ufape.edu.br\/?page_id=273","title":{"rendered":"Principais objetivos do PGD"},"content":{"rendered":"\t\t<div data-elementor-type=\"wp-page\" data-elementor-id=\"273\" class=\"elementor elementor-273\">\n\t\t\t\t<div class=\"elementor-element elementor-element-046071b e-flex e-con-boxed wpr-particle-no wpr-jarallax-no wpr-parallax-no wpr-sticky-section-no e-con e-parent\" data-id=\"046071b\" data-element_type=\"container\">\n\t\t\t\t\t<div class=\"e-con-inner\">\n\t\t\t\t<div class=\"elementor-element elementor-element-75a4257 elementor-widget elementor-widget-heading\" data-id=\"75a4257\" data-element_type=\"widget\" data-widget_type=\"heading.default\">\n\t\t\t\t\t<h2 class=\"elementor-heading-title elementor-size-default\">Principais objetivos do PGD\n<\/h2>\t\t\t\t<\/div>\n\t\t\t\t\t<\/div>\n\t\t\t\t<\/div>\n\t\t<div class=\"elementor-element elementor-element-d9a42ed e-flex e-con-boxed wpr-particle-no wpr-jarallax-no wpr-parallax-no wpr-sticky-section-no e-con e-parent\" data-id=\"d9a42ed\" data-element_type=\"container\">\n\t\t\t\t\t<div class=\"e-con-inner\">\n\t\t\t\t<div class=\"elementor-element elementor-element-b14c278 eael-dt-th-align-left elementor-widget elementor-widget-eael-data-table\" data-id=\"b14c278\" data-element_type=\"widget\" data-widget_type=\"eael-data-table.default\">\n\t\t\t\t\t\t\t<div class=\"eael-data-table-wrap\" data-table_id=\"b14c278\" id=\"eael-data-table-wrapper-b14c278\" data-custom_responsive=\"false\">\n\t\t\t<table class=\"tablesorter eael-data-table \" id=\"eael-data-table-b14c278\">\n\t\t\t    <thead>\n\t\t\t        <tr class=\"table-header\">\n\t\t\t\t\t\t\t\t\t            <th class=\"\" id=\"\" colspan=\"\">\n\t\t\t\t\t\t\t\t\t\t\t\t\t\t<img decoding=\"async\" src=\"https:\/\/progepe.ufape.edu.br\/wp-content\/uploads\/2025\/10\/1-4.png\" class=\"eael-data-table-th-img\" style=\"width:50px;\" alt=\"\"><span class=\"data-table-header-text\">Otimizar a produtividade e a excel\u00eancia nas entregas realizadas pelos participantes;<\/span><\/th>\n\t\t\t        \t\t\t\t        <\/tr>\n\t\t\t    <\/thead>\n\t\t\t  \t<tbody>\n\t\t\t\t\t\t\t\t    <\/tbody>\n\t\t\t<\/table>\n\t\t<\/div>\n\t  \t\t\t\t\t<\/div>\n\t\t\t\t<div class=\"elementor-element elementor-element-6bae34e eael-dt-th-align-left elementor-widget elementor-widget-eael-data-table\" data-id=\"6bae34e\" data-element_type=\"widget\" data-widget_type=\"eael-data-table.default\">\n\t\t\t\t\t\t\t<div class=\"eael-data-table-wrap\" data-table_id=\"6bae34e\" id=\"eael-data-table-wrapper-6bae34e\" data-custom_responsive=\"false\">\n\t\t\t<table class=\"tablesorter eael-data-table \" id=\"eael-data-table-6bae34e\">\n\t\t\t    <thead>\n\t\t\t        <tr class=\"table-header\">\n\t\t\t\t\t\t\t\t\t            <th class=\"\" id=\"\" colspan=\"\">\n\t\t\t\t\t\t\t\t\t\t\t\t\t\t<img decoding=\"async\" src=\"https:\/\/progepe.ufape.edu.br\/wp-content\/uploads\/2025\/10\/2-2.png\" class=\"eael-data-table-th-img\" style=\"width:50px;\" alt=\"\"><span class=\"data-table-header-text\">Fomentar a efici\u00eancia financeira e a redu\u00e7\u00e3o de gastos no setor p\u00fablico;<\/span><\/th>\n\t\t\t        \t\t\t\t        <\/tr>\n\t\t\t    <\/thead>\n\t\t\t  \t<tbody>\n\t\t\t\t\t\t\t\t    <\/tbody>\n\t\t\t<\/table>\n\t\t<\/div>\n\t  \t\t\t\t\t<\/div>\n\t\t\t\t<div class=\"elementor-element elementor-element-795dd06 eael-dt-th-align-left elementor-widget elementor-widget-eael-data-table\" data-id=\"795dd06\" data-element_type=\"widget\" data-widget_type=\"eael-data-table.default\">\n\t\t\t\t\t\t\t<div class=\"eael-data-table-wrap\" data-table_id=\"795dd06\" id=\"eael-data-table-wrapper-795dd06\" data-custom_responsive=\"false\">\n\t\t\t<table class=\"tablesorter eael-data-table \" id=\"eael-data-table-795dd06\">\n\t\t\t    <thead>\n\t\t\t        <tr class=\"table-header\">\n\t\t\t\t\t\t\t\t\t            <th class=\"\" id=\"\" colspan=\"\">\n\t\t\t\t\t\t\t\t\t\t\t\t\t\t<img decoding=\"async\" src=\"https:\/\/progepe.ufape.edu.br\/wp-content\/uploads\/2025\/10\/3-2.png\" class=\"eael-data-table-th-img\" style=\"width:50px;\" alt=\"\"><span class=\"data-table-header-text\">Captar e reter profissionais qualificados, fortalecendo o quadro de pessoal;<\/span><\/th>\n\t\t\t        \t\t\t\t        <\/tr>\n\t\t\t    <\/thead>\n\t\t\t  \t<tbody>\n\t\t\t\t\t\t\t\t    <\/tbody>\n\t\t\t<\/table>\n\t\t<\/div>\n\t  \t\t\t\t\t<\/div>\n\t\t\t\t<div class=\"elementor-element elementor-element-dee355a eael-dt-th-align-left elementor-widget elementor-widget-eael-data-table\" data-id=\"dee355a\" data-element_type=\"widget\" data-widget_type=\"eael-data-table.default\">\n\t\t\t\t\t\t\t<div class=\"eael-data-table-wrap\" data-table_id=\"dee355a\" id=\"eael-data-table-wrapper-dee355a\" data-custom_responsive=\"false\">\n\t\t\t<table class=\"tablesorter eael-data-table \" id=\"eael-data-table-dee355a\">\n\t\t\t    <thead>\n\t\t\t        <tr class=\"table-header\">\n\t\t\t\t\t\t\t\t\t            <th class=\"\" id=\"\" colspan=\"\">\n\t\t\t\t\t\t\t\t\t\t\t\t\t\t<img decoding=\"async\" src=\"https:\/\/progepe.ufape.edu.br\/wp-content\/uploads\/2025\/10\/4-3.png\" class=\"eael-data-table-th-img\" style=\"width:50px;\" alt=\"\"><span class=\"data-table-header-text\">Fortalecer o engajamento e a dedica\u00e7\u00e3o dos colaboradores com as metas institucionais;<\/span><\/th>\n\t\t\t        \t\t\t\t        <\/tr>\n\t\t\t    <\/thead>\n\t\t\t  \t<tbody>\n\t\t\t\t\t\t\t\t    <\/tbody>\n\t\t\t<\/table>\n\t\t<\/div>\n\t  \t\t\t\t\t<\/div>\n\t\t\t\t<div class=\"elementor-element elementor-element-66daeac eael-dt-th-align-left elementor-widget elementor-widget-eael-data-table\" data-id=\"66daeac\" data-element_type=\"widget\" data-widget_type=\"eael-data-table.default\">\n\t\t\t\t\t\t\t<div class=\"eael-data-table-wrap\" data-table_id=\"66daeac\" id=\"eael-data-table-wrapper-66daeac\" data-custom_responsive=\"false\">\n\t\t\t<table class=\"tablesorter eael-data-table \" id=\"eael-data-table-66daeac\">\n\t\t\t    <thead>\n\t\t\t        <tr class=\"table-header\">\n\t\t\t\t\t\t\t\t\t            <th class=\"\" id=\"\" colspan=\"\">\n\t\t\t\t\t\t\t\t\t\t\t\t\t\t<img decoding=\"async\" src=\"https:\/\/progepe.ufape.edu.br\/wp-content\/uploads\/2025\/10\/5-2.png\" class=\"eael-data-table-th-img\" style=\"width:50px;\" alt=\"\"><span class=\"data-table-header-text\">Incentivar a criatividade, a inova\u00e7\u00e3o e a ado\u00e7\u00e3o de pr\u00e1ticas de governo digital;<\/span><\/th>\n\t\t\t        \t\t\t\t        <\/tr>\n\t\t\t    <\/thead>\n\t\t\t  \t<tbody>\n\t\t\t\t\t\t\t\t    <\/tbody>\n\t\t\t<\/table>\n\t\t<\/div>\n\t  \t\t\t\t\t<\/div>\n\t\t\t\t<div class=\"elementor-element elementor-element-f32752b eael-dt-th-align-left elementor-widget elementor-widget-eael-data-table\" data-id=\"f32752b\" data-element_type=\"widget\" data-widget_type=\"eael-data-table.default\">\n\t\t\t\t\t\t\t<div class=\"eael-data-table-wrap\" data-table_id=\"f32752b\" id=\"eael-data-table-wrapper-f32752b\" data-custom_responsive=\"false\">\n\t\t\t<table class=\"tablesorter eael-data-table \" id=\"eael-data-table-f32752b\">\n\t\t\t    <thead>\n\t\t\t        <tr class=\"table-header\">\n\t\t\t\t\t\t\t\t\t            <th class=\"\" id=\"\" colspan=\"\">\n\t\t\t\t\t\t\t\t\t\t\t\t\t\t<img decoding=\"async\" src=\"https:\/\/progepe.ufape.edu.br\/wp-content\/uploads\/2025\/10\/6-2.png\" class=\"eael-data-table-th-img\" style=\"width:50px;\" alt=\"\"><span class=\"data-table-header-text\">Promover o bem-estar e um ambiente de trabalho mais saud\u00e1vel para os participantes;<\/span><\/th>\n\t\t\t        \t\t\t\t        <\/tr>\n\t\t\t    <\/thead>\n\t\t\t  \t<tbody>\n\t\t\t\t\t\t\t\t    <\/tbody>\n\t\t\t<\/table>\n\t\t<\/div>\n\t  \t\t\t\t\t<\/div>\n\t\t\t\t<div class=\"elementor-element elementor-element-0c07ed3 eael-dt-th-align-left elementor-widget elementor-widget-eael-data-table\" data-id=\"0c07ed3\" data-element_type=\"widget\" data-widget_type=\"eael-data-table.default\">\n\t\t\t\t\t\t\t<div class=\"eael-data-table-wrap\" data-table_id=\"0c07ed3\" id=\"eael-data-table-wrapper-0c07ed3\" data-custom_responsive=\"false\">\n\t\t\t<table class=\"tablesorter eael-data-table \" id=\"eael-data-table-0c07ed3\">\n\t\t\t    <thead>\n\t\t\t        <tr class=\"table-header\">\n\t\t\t\t\t\t\t\t\t            <th class=\"\" id=\"\" colspan=\"\">\n\t\t\t\t\t\t\t\t\t\t\t\t\t\t<img decoding=\"async\" src=\"https:\/\/progepe.ufape.edu.br\/wp-content\/uploads\/2025\/10\/7-2.png\" class=\"eael-data-table-th-img\" style=\"width:50px;\" alt=\"\"><span class=\"data-table-header-text\">Criar e aplicar sistemas eficazes para a avalia\u00e7\u00e3o e distribui\u00e7\u00e3o de recursos;<\/span><\/th>\n\t\t\t        \t\t\t\t        <\/tr>\n\t\t\t    <\/thead>\n\t\t\t  \t<tbody>\n\t\t\t\t\t\t\t\t    <\/tbody>\n\t\t\t<\/table>\n\t\t<\/div>\n\t  \t\t\t\t\t<\/div>\n\t\t\t\t<div class=\"elementor-element elementor-element-ae0f309 eael-dt-th-align-left elementor-widget elementor-widget-eael-data-table\" data-id=\"ae0f309\" data-element_type=\"widget\" data-widget_type=\"eael-data-table.default\">\n\t\t\t\t\t\t\t<div class=\"eael-data-table-wrap\" data-table_id=\"ae0f309\" id=\"eael-data-table-wrapper-ae0f309\" data-custom_responsive=\"false\">\n\t\t\t<table class=\"tablesorter eael-data-table \" id=\"eael-data-table-ae0f309\">\n\t\t\t    <thead>\n\t\t\t        <tr class=\"table-header\">\n\t\t\t\t\t\t\t\t\t            <th class=\"\" id=\"\" colspan=\"\">\n\t\t\t\t\t\t\t\t\t\t\t\t\t\t<img decoding=\"async\" src=\"https:\/\/progepe.ufape.edu.br\/wp-content\/uploads\/2025\/10\/8-3.png\" class=\"eael-data-table-th-img\" style=\"width:50px;\" alt=\"\"><span class=\"data-table-header-text\">Consolidar uma gest\u00e3o focada em resultados, visando aumentar a efici\u00eancia e o impacto dos servi\u00e7os prestados \u00e0 popula\u00e7\u00e3o.<\/span><\/th>\n\t\t\t        \t\t\t\t        <\/tr>\n\t\t\t    <\/thead>\n\t\t\t  \t<tbody>\n\t\t\t\t\t\t\t\t    <\/tbody>\n\t\t\t<\/table>\n\t\t<\/div>\n\t  \t\t\t\t\t<\/div>\n\t\t\t\t\t<\/div>\n\t\t\t\t<\/div>\n\t\t<div class=\"elementor-element elementor-element-4ec18cc e-flex e-con-boxed wpr-particle-no wpr-jarallax-no wpr-parallax-no wpr-sticky-section-no e-con e-parent\" data-id=\"4ec18cc\" data-element_type=\"container\">\n\t\t\t\t\t<div class=\"e-con-inner\">\n\t\t<a class=\"eael-wrapper-link-ec2609d --eael-wrapper-link-tag\" href=\"https:\/\/progepe.ufape.edu.br\/?page_id=223\"><\/a>\t\t<div data-eael-wrapper-link=\"eael-wrapper-link-ec2609d\" class=\"elementor-element elementor-element-ec2609d elementor-view-framed elementor-shape-rounded elementor-position-top elementor-mobile-position-top elementor-widget elementor-widget-icon-box\" data-id=\"ec2609d\" data-element_type=\"widget\" data-widget_type=\"icon-box.default\">\n\t\t\t\t\t\t\t<div class=\"elementor-icon-box-wrapper\">\n\n\t\t\t\t\t\t<div class=\"elementor-icon-box-icon\">\n\t\t\t\t<span  class=\"elementor-icon\">\n\t\t\t\t<svg aria-hidden=\"true\" class=\"e-font-icon-svg e-fas-long-arrow-alt-left\" viewBox=\"0 0 448 512\" xmlns=\"http:\/\/www.w3.org\/2000\/svg\"><path d=\"M134.059 296H436c6.627 0 12-5.373 12-12v-56c0-6.627-5.373-12-12-12H134.059v-46.059c0-21.382-25.851-32.09-40.971-16.971L7.029 239.029c-9.373 9.373-9.373 24.569 0 33.941l86.059 86.059c15.119 15.119 40.971 4.411 40.971-16.971V296z\"><\/path><\/svg>\t\t\t\t<\/span>\n\t\t\t<\/div>\n\t\t\t\n\t\t\t\t\t\t<div class=\"elementor-icon-box-content\">\n\n\t\t\t\t\t\t\t\t\t<h3 class=\"elementor-icon-box-title\">\n\t\t\t\t\t\t<span  >\n\t\t\t\t\t\t\tVOLTAR\t\t\t\t\t\t<\/span>\n\t\t\t\t\t<\/h3>\n\t\t\t\t\n\t\t\t\t\n\t\t\t<\/div>\n\t\t\t\n\t\t<\/div>\n\t\t\t\t\t\t<\/div>\n\t\t\t\t\t<\/div>\n\t\t\t\t<\/div>\n\t\t\t\t<\/div>\n\t\t","protected":false},"excerpt":{"rendered":"<p>Principais objetivos do PGD Otimizar a produtividade e a excel\u00eancia nas entregas realizadas pelos participantes; Fomentar a efici\u00eancia financeira e a redu\u00e7\u00e3o de gastos no setor p\u00fablico; Captar e reter profissionais qualificados, fortalecendo o quadro de pessoal; Fortalecer o engajamento e a dedica\u00e7\u00e3o dos colaboradores com as metas institucionais; Incentivar a criatividade, a inova\u00e7\u00e3o e a ado\u00e7\u00e3o de pr\u00e1ticas de governo digital; Promover o bem-estar e um ambiente de trabalho mais saud\u00e1vel para os participantes; Criar e aplicar sistemas eficazes para a avalia\u00e7\u00e3o e distribui\u00e7\u00e3o de recursos; Consolidar uma gest\u00e3o focada em resultados, visando aumentar a efici\u00eancia e o impacto dos servi\u00e7os prestados \u00e0 popula\u00e7\u00e3o. VOLTAR<\/p>\n","protected":false},"author":1,"featured_media":0,"parent":0,"menu_order":0,"comment_status":"closed","ping_status":"closed","template":"","meta":{"site-sidebar-layout":"no-sidebar","site-content-layout":"","ast-site-content-layout":"full-width-container","site-content-style":"default","site-sidebar-style":"default","ast-global-header-display":"","ast-banner-title-visibility":"","ast-main-header-display":"","ast-hfb-above-header-display":"","ast-hfb-below-header-display":"","ast-hfb-mobile-header-display":"","site-post-title":"disabled","ast-breadcrumbs-content":"","ast-featured-img":"disabled","footer-sml-layout":"","theme-transparent-header-meta":"","adv-header-id-meta":"","stick-header-meta":"","header-above-stick-meta":"","header-main-stick-meta":"","header-below-stick-meta":"","astra-migrate-meta-layouts":"default","ast-page-background-enabled":"default","ast-page-background-meta":{"desktop":{"background-color":"var(--ast-global-color-5)","background-image":"","background-repeat":"repeat","background-position":"center center","background-size":"auto","background-attachment":"scroll","background-type":"","background-media":"","overlay-type":"","overlay-color":"","overlay-opacity":"","overlay-gradient":""},"tablet":{"background-color":"","background-image":"","background-repeat":"repeat","background-position":"center center","background-size":"auto","background-attachment":"scroll","background-type":"","background-media":"","overlay-type":"","overlay-color":"","overlay-opacity":"","overlay-gradient":""},"mobile":{"background-color":"","background-image":"","background-repeat":"repeat","background-position":"center center","background-size":"auto","background-attachment":"scroll","background-type":"","background-media":"","overlay-type":"","overlay-color":"","overlay-opacity":"","overlay-gradient":""}},"ast-content-background-meta":{"desktop":{"background-color":"var(--ast-global-color-4)","background-image":"","background-repeat":"repeat","background-position":"center center","background-size":"auto","background-attachment":"scroll","background-type":"","background-media":"","overlay-type":"","overlay-color":"","overlay-opacity":"","overlay-gradient":""},"tablet":{"background-color":"var(--ast-global-color-4)","background-image":"","background-repeat":"repeat","background-position":"center center","background-size":"auto","background-attachment":"scroll","background-type":"","background-media":"","overlay-type":"","overlay-color":"","overlay-opacity":"","overlay-gradient":""},"mobile":{"background-color":"var(--ast-global-color-4)","background-image":"","background-repeat":"repeat","background-position":"center center","background-size":"auto","background-attachment":"scroll","background-type":"","background-media":"","overlay-type":"","overlay-color":"","overlay-opacity":"","overlay-gradient":""}},"footnotes":""},"class_list":["post-273","page","type-page","status-publish","hentry"],"_links":{"self":[{"href":"https:\/\/progepe.ufape.edu.br\/index.php?rest_route=\/wp\/v2\/pages\/273","targetHints":{"allow":["GET"]}}],"collection":[{"href":"https:\/\/progepe.ufape.edu.br\/index.php?rest_route=\/wp\/v2\/pages"}],"about":[{"href":"https:\/\/progepe.ufape.edu.br\/index.php?rest_route=\/wp\/v2\/types\/page"}],"author":[{"embeddable":true,"href":"https:\/\/progepe.ufape.edu.br\/index.php?rest_route=\/wp\/v2\/users\/1"}],"replies":[{"embeddable":true,"href":"https:\/\/progepe.ufape.edu.br\/index.php?rest_route=%2Fwp%2Fv2%2Fcomments&post=273"}],"version-history":[{"count":43,"href":"https:\/\/progepe.ufape.edu.br\/index.php?rest_route=\/wp\/v2\/pages\/273\/revisions"}],"predecessor-version":[{"id":737,"href":"https:\/\/progepe.ufape.edu.br\/index.php?rest_route=\/wp\/v2\/pages\/273\/revisions\/737"}],"wp:attachment":[{"href":"https:\/\/progepe.ufape.edu.br\/index.php?rest_route=%2Fwp%2Fv2%2Fmedia&parent=273"}],"curies":[{"name":"wp","href":"https:\/\/api.w.org\/{rel}","templated":true}]}}