{"id":754,"date":"2025-10-13T14:10:02","date_gmt":"2025-10-13T17:10:02","guid":{"rendered":"https:\/\/progepe.ufape.edu.br\/?page_id=754"},"modified":"2025-10-28T09:54:36","modified_gmt":"2025-10-28T12:54:36","slug":"estrutura-dap","status":"publish","type":"page","link":"https:\/\/progepe.ufape.edu.br\/?page_id=754","title":{"rendered":"Estrutura &#8211; DAP"},"content":{"rendered":"\t\t<div data-elementor-type=\"wp-page\" data-elementor-id=\"754\" class=\"elementor elementor-754\">\n\t\t\t\t<div class=\"elementor-element elementor-element-722b2f7 e-flex e-con-boxed wpr-particle-no wpr-jarallax-no wpr-parallax-no wpr-sticky-section-no e-con e-parent\" data-id=\"722b2f7\" data-element_type=\"container\">\n\t\t\t\t\t<div class=\"e-con-inner\">\n\t\t\t\t<div class=\"elementor-element elementor-element-d374484 elementor-widget elementor-widget-heading\" data-id=\"d374484\" data-element_type=\"widget\" data-widget_type=\"heading.default\">\n\t\t\t\t\t<h2 class=\"elementor-heading-title elementor-size-default\">DEPARTAMENTO DE ADMINISTRA\u00c7\u00c3O DE PESSOAS (DAP)<\/h2>\t\t\t\t<\/div>\n\t\t\t\t<div class=\"elementor-element elementor-element-5256290 elementor-widget elementor-widget-text-editor\" data-id=\"5256290\" data-element_type=\"widget\" data-widget_type=\"text-editor.default\">\n\t\t\t\t\t\t\t\t\t<p>O Departamento de Administra\u00e7\u00e3o de Pessoas (DAP) \u00e9 respons\u00e1vel pela gest\u00e3o da vida funcional dos servidores da UFAPE, assegurando a conformidade legal e administrativa de todos os processos relacionados ao v\u00ednculo com a institui\u00e7\u00e3o.<\/p><h3 style=\"text-align: center;\"><span style=\"color: #972e3f;\"><strong>Principais atribui\u00e7\u00f5es<\/strong><\/span><\/h3><p>O DAP atua na coordena\u00e7\u00e3o, supervis\u00e3o e controle das atividades relacionadas ao cadastro, pagamento, movimenta\u00e7\u00e3o e aposentadorias dos servidores da Universidade.<br \/>Entre suas compet\u00eancias, destacam-se:<\/p><ul><li style=\"list-style-type: none;\"><ul><li style=\"list-style-type: none;\"><ul><li>Elabora\u00e7\u00e3o e an\u00e1lise de atos e pareceres administrativos;<\/li><li>Gest\u00e3o da folha de pagamento e dos sistemas estruturantes de pessoal;<\/li><li>autorizar afastamentos, frequ\u00eancias, f\u00e9rias e licen\u00e7as dos servidores que estiverem sob sua chefia imediata, de acordo com os atos normativos vigentes, remetendo estas pautas ao Conselho Superior da UFAPE, quando necess\u00e1rio;<\/li><li>Elabora\u00e7\u00e3o de relat\u00f3rios e informa\u00e7\u00f5es gerenciais;<\/li><\/ul><\/li><\/ul><\/li><\/ul><h3 style=\"text-align: center;\"><span style=\"color: #972e3f;\"><strong>Composi\u00e7\u00e3o e estrutura interna<\/strong><\/span><\/h3><p>O DAP \u00e9 composto por duas coordenadorias, cada uma com suas respectivas se\u00e7\u00f5es, conforme o Regimento Interno da PROGEPE:<\/p><h4><span style=\"color: #972e3f;\">1. Coordenadoria de Acompanhamento e Movimenta\u00e7\u00e3o de Pessoas (CAMP)<\/span><\/h4><p>Respons\u00e1vel por coordenar e acompanhar processos de nomea\u00e7\u00e3o, contrata\u00e7\u00f5es, movimenta\u00e7\u00e3o, cess\u00e3o, acumula\u00e7\u00e3o de cargos, aposentadorias e pens\u00f5es, al\u00e9m de orientar os servidores sobre quest\u00f5es funcionais.<\/p><ul><li style=\"list-style-type: none;\"><ul><li style=\"list-style-type: none;\"><ul><li><strong>Se\u00e7\u00e3o de Acompanhamento e Movimenta\u00e7\u00e3o de Pessoas (SAMP)<\/strong>:<br \/>Cuida dos registros de nomea\u00e7\u00e3o, contrata\u00e7\u00f5es, rescis\u00f5es, desligamentos, licen\u00e7as, afastamentos, f\u00e9rias, controle de frequ\u00eancia e cadastro de dependentes,\u00a0 \u00a0garantindo a atualiza\u00e7\u00e3o dos dados funcionais no sistema de gest\u00e3o.<\/li><li><strong>Se\u00e7\u00e3o de Aposentadorias e Pens\u00f5es (SAP)<\/strong>:<br \/>Respons\u00e1vel pela implanta\u00e7\u00e3o e controle dos atos de aposentadorias e pens\u00f5es, revis\u00e3o de proventos e pens\u00f5es civis, pagamento de aux\u00edlio funeral, atualiza\u00e7\u00e3o cadastral e atendimento aos aposentados, \u00a0pensionistas e servidores ativos da UFAPE.<\/li><\/ul><\/li><\/ul><\/li><\/ul><h4><span style=\"color: #972e3f;\">2. Coordenadoria de Cadastro e Pagamento (CCP)<\/span><\/h4><p>Encargada, dentre outras atividades, de coordenar e acompanhar as atividades de processamento da folha de pagamento e do cadastro de pessoal e acompanhar os prazos das contrata\u00e7\u00f5es dos professores contratados, assegurando a conformidade dos dados financeiros e funcionais.<\/p><ul><li style=\"list-style-type: none;\"><ul><li style=\"list-style-type: none;\"><ul><li><strong>Se\u00e7\u00e3o de Controle de Cadastro e Pagamento (SCCP)<\/strong>:<br \/>Atua na inser\u00e7\u00e3o do cadastro dos servidores ativos e suas altera\u00e7\u00f5es no Sistema de Cadastro; no cadastramento \u00a0e realiza\u00e7\u00e3o de \u00a0acertos financeiros; na emiss\u00e3o Certid\u00f5es de Tempo de Contribui\u00e7\u00e3o; revis\u00e3o dos pagamentos quando solicitado; implanta\u00e7\u00e3o e atualiza\u00e7\u00e3o de \u00a0\u00a0dados de pagamento; conce\u00e7\u00e3o de benef\u00edcios, adicionais, gratifica\u00e7\u00f5es e emiss\u00e3o de certid\u00f5es e declara\u00e7\u00f5es funcionais.<\/li><li><strong>Se\u00e7\u00e3o de Registro Funcional (SRF)<\/strong>:<br \/>Respons\u00e1vel pela organiza\u00e7\u00e3o e arquivamento dos processos e documentos funcionais dos servidores ativos, aposentados e pensionistas, disponibilizar c\u00f3pia dos documentos da pasta funcional ao servidor; emitir declara\u00e7\u00f5es funcionais; garantindo o acesso e a integridade das informa\u00e7\u00f5es.<\/li><\/ul><\/li><\/ul><\/li><\/ul><p><strong>\u00a0<\/strong><\/p><p><span style=\"color: #972e3f;\"><strong>Contatos:<\/strong><\/span><\/p><p><a href=\"mailto:dap.progepe@ufape.edu.br\">dap.progepe@ufape.edu.br<\/a><\/p><p><a href=\"mailto:camp.dap@ufape.edu.br\">camp.dap@ufape.edu.br<\/a><\/p><p><a href=\"mailto:ccp.dap@ufape.edu.br\">ccp.dap@ufape.edu.br<\/a><\/p>\t\t\t\t\t\t\t\t<\/div>\n\t\t\t\t\t<\/div>\n\t\t\t\t<\/div>\n\t\t\t\t<\/div>\n\t\t","protected":false},"excerpt":{"rendered":"<p>DEPARTAMENTO DE ADMINISTRA\u00c7\u00c3O DE PESSOAS (DAP) O Departamento de Administra\u00e7\u00e3o de Pessoas (DAP) \u00e9 respons\u00e1vel pela gest\u00e3o da vida funcional dos servidores da UFAPE, assegurando a conformidade legal e administrativa de todos os processos relacionados ao v\u00ednculo com a institui\u00e7\u00e3o. Principais atribui\u00e7\u00f5es O DAP atua na coordena\u00e7\u00e3o, supervis\u00e3o e controle das atividades relacionadas ao cadastro, pagamento, movimenta\u00e7\u00e3o e aposentadorias dos servidores da Universidade.Entre suas compet\u00eancias, destacam-se: Elabora\u00e7\u00e3o e an\u00e1lise de atos e pareceres administrativos; Gest\u00e3o da folha de pagamento e dos sistemas estruturantes de pessoal; autorizar afastamentos, frequ\u00eancias, f\u00e9rias e licen\u00e7as dos servidores que estiverem sob sua chefia imediata, de acordo com os atos normativos vigentes, remetendo estas pautas ao Conselho Superior da UFAPE, quando necess\u00e1rio; Elabora\u00e7\u00e3o de relat\u00f3rios e informa\u00e7\u00f5es gerenciais; Composi\u00e7\u00e3o e estrutura interna O DAP \u00e9 composto por duas coordenadorias, cada uma com suas respectivas se\u00e7\u00f5es, conforme o Regimento Interno da PROGEPE: 1. Coordenadoria de Acompanhamento e Movimenta\u00e7\u00e3o de Pessoas (CAMP) Respons\u00e1vel por coordenar e acompanhar processos de nomea\u00e7\u00e3o, contrata\u00e7\u00f5es, movimenta\u00e7\u00e3o, cess\u00e3o, acumula\u00e7\u00e3o de cargos, aposentadorias e pens\u00f5es, al\u00e9m de orientar os servidores sobre quest\u00f5es funcionais. Se\u00e7\u00e3o de Acompanhamento e Movimenta\u00e7\u00e3o de Pessoas (SAMP):Cuida dos registros de nomea\u00e7\u00e3o, contrata\u00e7\u00f5es, rescis\u00f5es, desligamentos, licen\u00e7as, afastamentos, f\u00e9rias, controle de frequ\u00eancia e cadastro de dependentes,\u00a0 \u00a0garantindo a atualiza\u00e7\u00e3o dos dados funcionais no sistema de gest\u00e3o. Se\u00e7\u00e3o de Aposentadorias e Pens\u00f5es (SAP):Respons\u00e1vel pela implanta\u00e7\u00e3o e controle dos atos de aposentadorias e pens\u00f5es, revis\u00e3o de proventos e pens\u00f5es civis, pagamento de aux\u00edlio funeral, atualiza\u00e7\u00e3o cadastral e atendimento aos aposentados, \u00a0pensionistas e servidores ativos da UFAPE. 2. Coordenadoria de Cadastro e Pagamento (CCP) Encargada, dentre outras atividades, de coordenar e acompanhar as atividades de processamento da folha de pagamento e do cadastro de pessoal e acompanhar os prazos das contrata\u00e7\u00f5es dos professores contratados, assegurando a conformidade dos dados financeiros e funcionais. Se\u00e7\u00e3o de Controle de Cadastro e Pagamento (SCCP):Atua na inser\u00e7\u00e3o do cadastro dos servidores ativos e suas altera\u00e7\u00f5es no Sistema de Cadastro; no cadastramento \u00a0e realiza\u00e7\u00e3o de \u00a0acertos financeiros; na emiss\u00e3o Certid\u00f5es de Tempo de Contribui\u00e7\u00e3o; revis\u00e3o dos pagamentos quando solicitado; implanta\u00e7\u00e3o e atualiza\u00e7\u00e3o de \u00a0\u00a0dados de pagamento; conce\u00e7\u00e3o de benef\u00edcios, adicionais, gratifica\u00e7\u00f5es e emiss\u00e3o de certid\u00f5es e declara\u00e7\u00f5es funcionais. Se\u00e7\u00e3o de Registro Funcional (SRF):Respons\u00e1vel pela organiza\u00e7\u00e3o e arquivamento dos processos e documentos funcionais dos servidores ativos, aposentados e pensionistas, disponibilizar c\u00f3pia dos documentos da pasta funcional ao servidor; emitir declara\u00e7\u00f5es funcionais; garantindo o acesso e a integridade das informa\u00e7\u00f5es. \u00a0 Contatos: dap.progepe@ufape.edu.br camp.dap@ufape.edu.br ccp.dap@ufape.edu.br<\/p>\n","protected":false},"author":1,"featured_media":0,"parent":0,"menu_order":0,"comment_status":"closed","ping_status":"closed","template":"","meta":{"site-sidebar-layout":"no-sidebar","site-content-layout":"","ast-site-content-layout":"full-width-container","site-content-style":"default","site-sidebar-style":"default","ast-global-header-display":"","ast-banner-title-visibility":"","ast-main-header-display":"","ast-hfb-above-header-display":"","ast-hfb-below-header-display":"","ast-hfb-mobile-header-display":"","site-post-title":"disabled","ast-breadcrumbs-content":"","ast-featured-img":"disabled","footer-sml-layout":"","theme-transparent-header-meta":"","adv-header-id-meta":"","stick-header-meta":"","header-above-stick-meta":"","header-main-stick-meta":"","header-below-stick-meta":"","astra-migrate-meta-layouts":"default","ast-page-background-enabled":"default","ast-page-background-meta":{"desktop":{"background-color":"var(--ast-global-color-5)","background-image":"","background-repeat":"repeat","background-position":"center center","background-size":"auto","background-attachment":"scroll","background-type":"","background-media":"","overlay-type":"","overlay-color":"","overlay-opacity":"","overlay-gradient":""},"tablet":{"background-color":"","background-image":"","background-repeat":"repeat","background-position":"center center","background-size":"auto","background-attachment":"scroll","background-type":"","background-media":"","overlay-type":"","overlay-color":"","overlay-opacity":"","overlay-gradient":""},"mobile":{"background-color":"","background-image":"","background-repeat":"repeat","background-position":"center center","background-size":"auto","background-attachment":"scroll","background-type":"","background-media":"","overlay-type":"","overlay-color":"","overlay-opacity":"","overlay-gradient":""}},"ast-content-background-meta":{"desktop":{"background-color":"var(--ast-global-color-4)","background-image":"","background-repeat":"repeat","background-position":"center center","background-size":"auto","background-attachment":"scroll","background-type":"","background-media":"","overlay-type":"","overlay-color":"","overlay-opacity":"","overlay-gradient":""},"tablet":{"background-color":"var(--ast-global-color-4)","background-image":"","background-repeat":"repeat","background-position":"center center","background-size":"auto","background-attachment":"scroll","background-type":"","background-media":"","overlay-type":"","overlay-color":"","overlay-opacity":"","overlay-gradient":""},"mobile":{"background-color":"var(--ast-global-color-4)","background-image":"","background-repeat":"repeat","background-position":"center center","background-size":"auto","background-attachment":"scroll","background-type":"","background-media":"","overlay-type":"","overlay-color":"","overlay-opacity":"","overlay-gradient":""}},"footnotes":""},"class_list":["post-754","page","type-page","status-publish","hentry"],"_links":{"self":[{"href":"https:\/\/progepe.ufape.edu.br\/index.php?rest_route=\/wp\/v2\/pages\/754","targetHints":{"allow":["GET"]}}],"collection":[{"href":"https:\/\/progepe.ufape.edu.br\/index.php?rest_route=\/wp\/v2\/pages"}],"about":[{"href":"https:\/\/progepe.ufape.edu.br\/index.php?rest_route=\/wp\/v2\/types\/page"}],"author":[{"embeddable":true,"href":"https:\/\/progepe.ufape.edu.br\/index.php?rest_route=\/wp\/v2\/users\/1"}],"replies":[{"embeddable":true,"href":"https:\/\/progepe.ufape.edu.br\/index.php?rest_route=%2Fwp%2Fv2%2Fcomments&post=754"}],"version-history":[{"count":25,"href":"https:\/\/progepe.ufape.edu.br\/index.php?rest_route=\/wp\/v2\/pages\/754\/revisions"}],"predecessor-version":[{"id":1171,"href":"https:\/\/progepe.ufape.edu.br\/index.php?rest_route=\/wp\/v2\/pages\/754\/revisions\/1171"}],"wp:attachment":[{"href":"https:\/\/progepe.ufape.edu.br\/index.php?rest_route=%2Fwp%2Fv2%2Fmedia&parent=754"}],"curies":[{"name":"wp","href":"https:\/\/api.w.org\/{rel}","templated":true}]}}