{"id":758,"date":"2025-10-13T14:09:59","date_gmt":"2025-10-13T17:09:59","guid":{"rendered":"https:\/\/progepe.ufape.edu.br\/?page_id=758"},"modified":"2025-10-28T09:44:38","modified_gmt":"2025-10-28T12:44:38","slug":"estrutura-alp","status":"publish","type":"page","link":"https:\/\/progepe.ufape.edu.br\/?page_id=758","title":{"rendered":"Estrutura &#8211; ALP"},"content":{"rendered":"\t\t<div data-elementor-type=\"wp-page\" data-elementor-id=\"758\" class=\"elementor elementor-758\">\n\t\t\t\t<div class=\"elementor-element elementor-element-e452588 e-flex e-con-boxed wpr-particle-no wpr-jarallax-no wpr-parallax-no wpr-sticky-section-no e-con e-parent\" data-id=\"e452588\" data-element_type=\"container\">\n\t\t\t\t\t<div class=\"e-con-inner\">\n\t\t\t\t<div class=\"elementor-element elementor-element-b6d37f6 elementor-widget elementor-widget-heading\" data-id=\"b6d37f6\" data-element_type=\"widget\" data-widget_type=\"heading.default\">\n\t\t\t\t\t<h2 class=\"elementor-heading-title elementor-size-default\">ASSESSORIA DE LEGISLA\u00c7\u00c3O DE PESSOAL\u00a0(ALP)<\/h2>\t\t\t\t<\/div>\n\t\t\t\t<div class=\"elementor-element elementor-element-1a24a68 elementor-widget elementor-widget-text-editor\" data-id=\"1a24a68\" data-element_type=\"widget\" data-widget_type=\"text-editor.default\">\n\t\t\t\t\t\t\t\t\t<p>A Assessoria de Legisla\u00e7\u00e3o de Pessoal (ALP) tem como atribui\u00e7\u00e3o principal assessorar\u00a0\u00e0 PROGEPE, aos seus Departamentos\u00a0 e aos<br \/>demais \u00f3rg\u00e3os da UFAPE em assuntos relacionados \u00e0 legisla\u00e7\u00e3o de pessoal.<\/p><h5><strong><br \/><span style=\"color: #972e3f;\">Atribui\u00e7\u00f5es:<\/span> <\/strong><\/h5><ul><li style=\"list-style-type: none;\"><ul><li style=\"list-style-type: none;\"><ul><li>Emitir notas t\u00e9cnicas em cumprimento \u00e0s Orienta\u00e7\u00f5es Normativas para atender os pleitos processuais;<\/li><li>Emitir despachos para a devida instru\u00e7\u00e3o processual;<\/li><li>Emitir pareceres a partir de consultas processuais;<\/li><li>Prestar atendimento e a devida instru\u00e7\u00e3o aos servidores no tocante aos seus direitos e interesses relativos \u00e0 Legisla\u00e7\u00e3o de Pessoal;<\/li><li>Acompanhar e responder auditorias relativas \u00e0 sua \u00e1rea de atua\u00e7\u00e3o;<\/li><li>Responder \u00e0s dilig\u00eancias de \u00f3rg\u00e3os internos e externos e aos processos judiciais;<\/li><li>Atender as demandas judiciais referentes \u00e0 \u00e1rea de recursos humanos;<\/li><li>Acompanhar os prazos dos processos judiciais;<\/li><li>Responder e acompanhar o Sistema de Trilhas dos \u00f3rg\u00e3os controladores ou outro sistema que venha substitu\u00ed-lo;<\/li><li>Responder e acompanhar as auditorias internas e externas;<\/li><li>Responder e acompanhar o sistema de conflitos de interesses.<\/li><\/ul><\/li><\/ul><\/li><\/ul><h5>\u00a0<\/h5><p><span style=\"color: #972e3f;\"><strong><span style=\"font-style: inherit;\">Contato: <\/span><\/strong><\/span><a href=\"mailto:alp.progape@ufape.edu.br\">alp.progape@ufape.edu.br<\/a><\/p>\t\t\t\t\t\t\t\t<\/div>\n\t\t\t\t\t<\/div>\n\t\t\t\t<\/div>\n\t\t\t\t<\/div>\n\t\t","protected":false},"excerpt":{"rendered":"<p>ASSESSORIA DE LEGISLA\u00c7\u00c3O DE PESSOAL\u00a0(ALP) A Assessoria de Legisla\u00e7\u00e3o de Pessoal (ALP) tem como atribui\u00e7\u00e3o principal assessorar\u00a0\u00e0 PROGEPE, aos seus Departamentos\u00a0 e aosdemais \u00f3rg\u00e3os da UFAPE em assuntos relacionados \u00e0 legisla\u00e7\u00e3o de pessoal. Atribui\u00e7\u00f5es: Emitir notas t\u00e9cnicas em cumprimento \u00e0s Orienta\u00e7\u00f5es Normativas para atender os pleitos processuais; Emitir despachos para a devida instru\u00e7\u00e3o processual; Emitir pareceres a partir de consultas processuais; Prestar atendimento e a devida instru\u00e7\u00e3o aos servidores no tocante aos seus direitos e interesses relativos \u00e0 Legisla\u00e7\u00e3o de Pessoal; Acompanhar e responder auditorias relativas \u00e0 sua \u00e1rea de atua\u00e7\u00e3o; Responder \u00e0s dilig\u00eancias de \u00f3rg\u00e3os internos e externos e aos processos judiciais; Atender as demandas judiciais referentes \u00e0 \u00e1rea de recursos humanos; Acompanhar os prazos dos processos judiciais; Responder e acompanhar o Sistema de Trilhas dos \u00f3rg\u00e3os controladores ou outro sistema que venha substitu\u00ed-lo; Responder e acompanhar as auditorias internas e externas; Responder e acompanhar o sistema de conflitos de interesses. \u00a0 Contato: alp.progape@ufape.edu.br<\/p>\n","protected":false},"author":1,"featured_media":0,"parent":0,"menu_order":0,"comment_status":"closed","ping_status":"closed","template":"","meta":{"site-sidebar-layout":"no-sidebar","site-content-layout":"","ast-site-content-layout":"full-width-container","site-content-style":"default","site-sidebar-style":"default","ast-global-header-display":"","ast-banner-title-visibility":"","ast-main-header-display":"","ast-hfb-above-header-display":"","ast-hfb-below-header-display":"","ast-hfb-mobile-header-display":"","site-post-title":"disabled","ast-breadcrumbs-content":"","ast-featured-img":"disabled","footer-sml-layout":"","theme-transparent-header-meta":"","adv-header-id-meta":"","stick-header-meta":"","header-above-stick-meta":"","header-main-stick-meta":"","header-below-stick-meta":"","astra-migrate-meta-layouts":"default","ast-page-background-enabled":"default","ast-page-background-meta":{"desktop":{"background-color":"var(--ast-global-color-5)","background-image":"","background-repeat":"repeat","background-position":"center center","background-size":"auto","background-attachment":"scroll","background-type":"","background-media":"","overlay-type":"","overlay-color":"","overlay-opacity":"","overlay-gradient":""},"tablet":{"background-color":"","background-image":"","background-repeat":"repeat","background-position":"center center","background-size":"auto","background-attachment":"scroll","background-type":"","background-media":"","overlay-type":"","overlay-color":"","overlay-opacity":"","overlay-gradient":""},"mobile":{"background-color":"","background-image":"","background-repeat":"repeat","background-position":"center center","background-size":"auto","background-attachment":"scroll","background-type":"","background-media":"","overlay-type":"","overlay-color":"","overlay-opacity":"","overlay-gradient":""}},"ast-content-background-meta":{"desktop":{"background-color":"var(--ast-global-color-4)","background-image":"","background-repeat":"repeat","background-position":"center center","background-size":"auto","background-attachment":"scroll","background-type":"","background-media":"","overlay-type":"","overlay-color":"","overlay-opacity":"","overlay-gradient":""},"tablet":{"background-color":"var(--ast-global-color-4)","background-image":"","background-repeat":"repeat","background-position":"center center","background-size":"auto","background-attachment":"scroll","background-type":"","background-media":"","overlay-type":"","overlay-color":"","overlay-opacity":"","overlay-gradient":""},"mobile":{"background-color":"var(--ast-global-color-4)","background-image":"","background-repeat":"repeat","background-position":"center center","background-size":"auto","background-attachment":"scroll","background-type":"","background-media":"","overlay-type":"","overlay-color":"","overlay-opacity":"","overlay-gradient":""}},"footnotes":""},"class_list":["post-758","page","type-page","status-publish","hentry"],"_links":{"self":[{"href":"https:\/\/progepe.ufape.edu.br\/index.php?rest_route=\/wp\/v2\/pages\/758","targetHints":{"allow":["GET"]}}],"collection":[{"href":"https:\/\/progepe.ufape.edu.br\/index.php?rest_route=\/wp\/v2\/pages"}],"about":[{"href":"https:\/\/progepe.ufape.edu.br\/index.php?rest_route=\/wp\/v2\/types\/page"}],"author":[{"embeddable":true,"href":"https:\/\/progepe.ufape.edu.br\/index.php?rest_route=\/wp\/v2\/users\/1"}],"replies":[{"embeddable":true,"href":"https:\/\/progepe.ufape.edu.br\/index.php?rest_route=%2Fwp%2Fv2%2Fcomments&post=758"}],"version-history":[{"count":31,"href":"https:\/\/progepe.ufape.edu.br\/index.php?rest_route=\/wp\/v2\/pages\/758\/revisions"}],"predecessor-version":[{"id":1162,"href":"https:\/\/progepe.ufape.edu.br\/index.php?rest_route=\/wp\/v2\/pages\/758\/revisions\/1162"}],"wp:attachment":[{"href":"https:\/\/progepe.ufape.edu.br\/index.php?rest_route=%2Fwp%2Fv2%2Fmedia&parent=758"}],"curies":[{"name":"wp","href":"https:\/\/api.w.org\/{rel}","templated":true}]}}