{"id":765,"date":"2025-10-13T14:09:56","date_gmt":"2025-10-13T17:09:56","guid":{"rendered":"https:\/\/progepe.ufape.edu.br\/?page_id=765"},"modified":"2025-10-17T16:28:27","modified_gmt":"2025-10-17T19:28:27","slug":"equipe-ddp","status":"publish","type":"page","link":"https:\/\/progepe.ufape.edu.br\/?page_id=765","title":{"rendered":"Equipe &#8211; DDP"},"content":{"rendered":"\t\t<div data-elementor-type=\"wp-page\" data-elementor-id=\"765\" class=\"elementor elementor-765\">\n\t\t\t\t<div class=\"elementor-element elementor-element-39385a9 e-flex e-con-boxed wpr-particle-no wpr-jarallax-no wpr-parallax-no wpr-sticky-section-no e-con e-parent\" data-id=\"39385a9\" data-element_type=\"container\">\n\t\t\t\t\t<div class=\"e-con-inner\">\n\t\t\t\t<div class=\"elementor-element elementor-element-cc11688 elementor-widget elementor-widget-heading\" data-id=\"cc11688\" data-element_type=\"widget\" data-widget_type=\"heading.default\">\n\t\t\t\t\t<h2 class=\"elementor-heading-title elementor-size-default\">Equipe<\/h2>\t\t\t\t<\/div>\n\t\t\t\t<div class=\"elementor-element elementor-element-5d8139a elementor-widget elementor-widget-heading\" data-id=\"5d8139a\" data-element_type=\"widget\" data-widget_type=\"heading.default\">\n\t\t\t\t\t<h4 class=\"elementor-heading-title elementor-size-default\">DEPARTAMENTO DE DESEMPENHO E DESENVOLVIMENTO DE PESSOAS (DDP)<\/h4>\t\t\t\t<\/div>\n\t\t\t\t\t<\/div>\n\t\t\t\t<\/div>\n\t\t\t\t<section class=\"elementor-section elementor-top-section elementor-element elementor-element-eb8c565 elementor-section-boxed elementor-section-height-default elementor-section-height-default wpr-particle-no wpr-jarallax-no wpr-parallax-no wpr-sticky-section-no\" data-id=\"eb8c565\" data-element_type=\"section\">\n\t\t\t\t\t\t<div class=\"elementor-container elementor-column-gap-default\">\n\t\t\t\t\t<div class=\"elementor-column elementor-col-100 elementor-top-column elementor-element elementor-element-f078339\" data-id=\"f078339\" data-element_type=\"column\">\n\t\t\t<div class=\"elementor-widget-wrap elementor-element-populated\">\n\t\t\t\t\t\t<section class=\"elementor-section elementor-inner-section elementor-element elementor-element-7fe1f2f elementor-section-content-space-around elementor-section-full_width elementor-section-height-default elementor-section-height-default wpr-particle-no wpr-jarallax-no wpr-parallax-no wpr-sticky-section-no\" data-id=\"7fe1f2f\" data-element_type=\"section\" data-settings=\"{&quot;background_background&quot;:&quot;classic&quot;}\">\n\t\t\t\t\t\t<div class=\"elementor-container elementor-column-gap-default\">\n\t\t\t\t\t<div class=\"elementor-column elementor-col-33 elementor-inner-column elementor-element elementor-element-d58b0eb\" data-id=\"d58b0eb\" data-element_type=\"column\">\n\t\t\t<div class=\"elementor-widget-wrap elementor-element-populated\">\n\t\t\t\t\t\t<div class=\"elementor-element elementor-element-fe05a0a elementor-widget elementor-widget-image\" data-id=\"fe05a0a\" data-element_type=\"widget\" data-widget_type=\"image.default\">\n\t\t\t\t\t\t\t\t\t\t\t\t\t\t\t<img fetchpriority=\"high\" decoding=\"async\" width=\"584\" height=\"574\" src=\"https:\/\/progepe.ufape.edu.br\/wp-content\/uploads\/2025\/10\/Ilca-Suzana.jpg\" class=\"attachment-medium_large size-medium_large wp-image-853\" alt=\"\" srcset=\"https:\/\/progepe.ufape.edu.br\/wp-content\/uploads\/2025\/10\/Ilca-Suzana.jpg 584w, https:\/\/progepe.ufape.edu.br\/wp-content\/uploads\/2025\/10\/Ilca-Suzana-300x295.jpg 300w\" sizes=\"(max-width: 584px) 100vw, 584px\" \/>\t\t\t\t\t\t\t\t\t\t\t\t\t\t\t<\/div>\n\t\t\t\t\t<\/div>\n\t\t<\/div>\n\t\t\t\t<div class=\"elementor-column elementor-col-66 elementor-inner-column elementor-element elementor-element-8186895\" data-id=\"8186895\" data-element_type=\"column\">\n\t\t\t<div class=\"elementor-widget-wrap elementor-element-populated\">\n\t\t\t\t\t\t<div class=\"elementor-element elementor-element-efaa3b2 elementor-widget elementor-widget-heading\" data-id=\"efaa3b2\" data-element_type=\"widget\" data-widget_type=\"heading.default\">\n\t\t\t\t\t<h2 class=\"elementor-heading-title elementor-size-default\">Diretora<\/h2>\t\t\t\t<\/div>\n\t\t\t\t<div class=\"elementor-element elementor-element-8dc20bc elementor-widget elementor-widget-image-box\" data-id=\"8dc20bc\" data-element_type=\"widget\" data-widget_type=\"image-box.default\">\n\t\t\t\t\t<div class=\"elementor-image-box-wrapper\"><div class=\"elementor-image-box-content\"><div class=\"elementor-image-box-title\">Ilca Suzana Lopes Vilela<\/div><\/div><\/div>\t\t\t\t<\/div>\n\t\t\t\t<div class=\"elementor-element elementor-element-e82d1f1 elementor-widget elementor-widget-text-editor\" data-id=\"e82d1f1\" data-element_type=\"widget\" data-widget_type=\"text-editor.default\">\n\t\t\t\t\t\t\t\t\t<p><span style=\"color: #808080;\"><a class=\"p480bb Sq3iG\" style=\"text-decoration: none; color: #808080;\" href=\"mailto:ilca.vilela@ufape.edu.br\">ilca.vilela@ufape.edu.br<\/a><\/span><\/p><p>E-mail do DDP: <span style=\"color: #808080;\"><a class=\"p480bb Sq3iG\" style=\"text-decoration: none; color: #808080;\" href=\"mailto:ddp.progepe@ufape.edu.br\">ddp.progepe@ufape.edu.br<\/a><\/span><\/p>\t\t\t\t\t\t\t\t<\/div>\n\t\t\t\t\t<\/div>\n\t\t<\/div>\n\t\t\t\t\t<\/div>\n\t\t<\/section>\n\t\t\t\t\t<\/div>\n\t\t<\/div>\n\t\t\t\t\t<\/div>\n\t\t<\/section>\n\t\t<div class=\"elementor-element elementor-element-635d215 e-flex e-con-boxed wpr-particle-no wpr-jarallax-no wpr-parallax-no wpr-sticky-section-no e-con e-parent\" data-id=\"635d215\" data-element_type=\"container\">\n\t\t\t\t\t<div class=\"e-con-inner\">\n\t\t\t\t<div class=\"elementor-element elementor-element-5524c08 elementor-widget elementor-widget-heading\" data-id=\"5524c08\" data-element_type=\"widget\" data-widget_type=\"heading.default\">\n\t\t\t\t\t<h4 class=\"elementor-heading-title elementor-size-default\">COORDENA\u00c7\u00c3O DE CONCURSOS E DESENVOLVIMENTO DE PESSOAS (CCDP)<\/h4>\t\t\t\t<\/div>\n\t\t\t\t\t<\/div>\n\t\t\t\t<\/div>\n\t\t\t\t<section class=\"elementor-section elementor-top-section elementor-element elementor-element-5349828 elementor-section-boxed elementor-section-height-default elementor-section-height-default wpr-particle-no wpr-jarallax-no wpr-parallax-no wpr-sticky-section-no\" data-id=\"5349828\" data-element_type=\"section\">\n\t\t\t\t\t\t<div class=\"elementor-container elementor-column-gap-default\">\n\t\t\t\t\t<div class=\"elementor-column elementor-col-100 elementor-top-column elementor-element elementor-element-aba1e57\" data-id=\"aba1e57\" data-element_type=\"column\">\n\t\t\t<div class=\"elementor-widget-wrap elementor-element-populated\">\n\t\t\t\t\t\t<section class=\"elementor-section elementor-inner-section elementor-element elementor-element-62dde93 elementor-section-content-space-around elementor-section-full_width elementor-section-height-default elementor-section-height-default wpr-particle-no wpr-jarallax-no wpr-parallax-no wpr-sticky-section-no\" data-id=\"62dde93\" data-element_type=\"section\" data-settings=\"{&quot;background_background&quot;:&quot;classic&quot;}\">\n\t\t\t\t\t\t<div class=\"elementor-container elementor-column-gap-default\">\n\t\t\t\t\t<div class=\"elementor-column elementor-col-33 elementor-inner-column elementor-element elementor-element-898dd68\" data-id=\"898dd68\" data-element_type=\"column\">\n\t\t\t<div class=\"elementor-widget-wrap elementor-element-populated\">\n\t\t\t\t\t\t<div class=\"elementor-element elementor-element-18d373e elementor-widget__width-initial elementor-widget elementor-widget-image\" data-id=\"18d373e\" data-element_type=\"widget\" data-widget_type=\"image.default\">\n\t\t\t\t\t\t\t\t\t\t\t\t\t\t\t<img decoding=\"async\" width=\"768\" height=\"1086\" src=\"https:\/\/progepe.ufape.edu.br\/wp-content\/uploads\/2025\/10\/Rodrigo-Lira_page-0001-768x1086.jpg\" class=\"attachment-medium_large size-medium_large wp-image-855\" alt=\"\" srcset=\"https:\/\/progepe.ufape.edu.br\/wp-content\/uploads\/2025\/10\/Rodrigo-Lira_page-0001-768x1086.jpg 768w, https:\/\/progepe.ufape.edu.br\/wp-content\/uploads\/2025\/10\/Rodrigo-Lira_page-0001-212x300.jpg 212w, https:\/\/progepe.ufape.edu.br\/wp-content\/uploads\/2025\/10\/Rodrigo-Lira_page-0001-724x1024.jpg 724w, https:\/\/progepe.ufape.edu.br\/wp-content\/uploads\/2025\/10\/Rodrigo-Lira_page-0001-1086x1536.jpg 1086w, https:\/\/progepe.ufape.edu.br\/wp-content\/uploads\/2025\/10\/Rodrigo-Lira_page-0001.jpg 1241w\" sizes=\"(max-width: 768px) 100vw, 768px\" \/>\t\t\t\t\t\t\t\t\t\t\t\t\t\t\t<\/div>\n\t\t\t\t\t<\/div>\n\t\t<\/div>\n\t\t\t\t<div class=\"elementor-column elementor-col-66 elementor-inner-column elementor-element elementor-element-6619f7e\" data-id=\"6619f7e\" data-element_type=\"column\">\n\t\t\t<div class=\"elementor-widget-wrap elementor-element-populated\">\n\t\t\t\t\t\t<div class=\"elementor-element elementor-element-ec0b7b2 elementor-widget elementor-widget-heading\" data-id=\"ec0b7b2\" data-element_type=\"widget\" data-widget_type=\"heading.default\">\n\t\t\t\t\t<h2 class=\"elementor-heading-title elementor-size-default\">Coordenador<\/h2>\t\t\t\t<\/div>\n\t\t\t\t<div class=\"elementor-element elementor-element-d17142b elementor-widget elementor-widget-image-box\" data-id=\"d17142b\" data-element_type=\"widget\" data-widget_type=\"image-box.default\">\n\t\t\t\t\t<div class=\"elementor-image-box-wrapper\"><div class=\"elementor-image-box-content\"><div class=\"elementor-image-box-title\">Rodrigo Lira De Oliveira<\/div><\/div><\/div>\t\t\t\t<\/div>\n\t\t\t\t<div class=\"elementor-element elementor-element-55c4c2d elementor-widget elementor-widget-text-editor\" data-id=\"55c4c2d\" data-element_type=\"widget\" data-widget_type=\"text-editor.default\">\n\t\t\t\t\t\t\t\t\t<p><span style=\"color: #808080;\"><a class=\"p480bb Sq3iG\" style=\"text-decoration: none; color: #808080;\" href=\"mailto:rodrigo.lira@ufape.edu.br\">rodrigo.lira@ufape.edu.br<\/a><\/span><\/p><p>E-mail do CCDP: <span style=\"color: #808080;\"><a class=\"p480bb Sq3iG\" style=\"text-decoration: none; color: #808080;\" href=\"mailto:coordenacao.cdp@ufape.edu.br\">coordenacao.cdp@ufape.edu.br<\/a><\/span><\/p>\t\t\t\t\t\t\t\t<\/div>\n\t\t\t\t\t<\/div>\n\t\t<\/div>\n\t\t\t\t\t<\/div>\n\t\t<\/section>\n\t\t\t\t\t<\/div>\n\t\t<\/div>\n\t\t\t\t\t<\/div>\n\t\t<\/section>\n\t\t<div class=\"elementor-element elementor-element-2037b77 e-flex e-con-boxed wpr-particle-no wpr-jarallax-no wpr-parallax-no wpr-sticky-section-no e-con e-parent\" data-id=\"2037b77\" data-element_type=\"container\">\n\t\t\t\t\t<div class=\"e-con-inner\">\n\t\t\t\t<div class=\"elementor-element elementor-element-dc9204d elementor-widget elementor-widget-heading\" data-id=\"dc9204d\" data-element_type=\"widget\" data-widget_type=\"heading.default\">\n\t\t\t\t\t<h4 class=\"elementor-heading-title elementor-size-default\">SE\u00c7\u00c3O DE AVALIACAO DE DESEMPENHO (SAD)<\/h4>\t\t\t\t<\/div>\n\t\t\t\t\t<\/div>\n\t\t\t\t<\/div>\n\t\t\t\t<section class=\"elementor-section elementor-top-section elementor-element elementor-element-3c10826 elementor-section-boxed elementor-section-height-default elementor-section-height-default wpr-particle-no wpr-jarallax-no wpr-parallax-no wpr-sticky-section-no\" data-id=\"3c10826\" data-element_type=\"section\">\n\t\t\t\t\t\t<div class=\"elementor-container elementor-column-gap-default\">\n\t\t\t\t\t<div class=\"elementor-column elementor-col-100 elementor-top-column elementor-element elementor-element-cd8a0e4\" data-id=\"cd8a0e4\" data-element_type=\"column\">\n\t\t\t<div class=\"elementor-widget-wrap elementor-element-populated\">\n\t\t\t\t\t\t<section class=\"elementor-section elementor-inner-section elementor-element elementor-element-8c0bb8f elementor-section-content-space-around elementor-section-full_width elementor-section-height-default elementor-section-height-default wpr-particle-no wpr-jarallax-no wpr-parallax-no wpr-sticky-section-no\" data-id=\"8c0bb8f\" data-element_type=\"section\" data-settings=\"{&quot;background_background&quot;:&quot;classic&quot;}\">\n\t\t\t\t\t\t<div class=\"elementor-container elementor-column-gap-default\">\n\t\t\t\t\t<div class=\"elementor-column elementor-col-33 elementor-inner-column elementor-element elementor-element-b58eefe\" data-id=\"b58eefe\" data-element_type=\"column\">\n\t\t\t<div class=\"elementor-widget-wrap elementor-element-populated\">\n\t\t\t\t\t\t<div class=\"elementor-element elementor-element-6c6e9ca elementor-widget__width-initial elementor-widget elementor-widget-image\" data-id=\"6c6e9ca\" data-element_type=\"widget\" data-widget_type=\"image.default\">\n\t\t\t\t\t\t\t\t\t\t\t\t\t\t\t<img decoding=\"async\" width=\"768\" height=\"1086\" src=\"https:\/\/progepe.ufape.edu.br\/wp-content\/uploads\/2025\/10\/Wallacy-Evangelista_page-0001-768x1086.jpg\" class=\"attachment-medium_large size-medium_large wp-image-856\" alt=\"\" srcset=\"https:\/\/progepe.ufape.edu.br\/wp-content\/uploads\/2025\/10\/Wallacy-Evangelista_page-0001-768x1086.jpg 768w, https:\/\/progepe.ufape.edu.br\/wp-content\/uploads\/2025\/10\/Wallacy-Evangelista_page-0001-212x300.jpg 212w, https:\/\/progepe.ufape.edu.br\/wp-content\/uploads\/2025\/10\/Wallacy-Evangelista_page-0001-724x1024.jpg 724w, https:\/\/progepe.ufape.edu.br\/wp-content\/uploads\/2025\/10\/Wallacy-Evangelista_page-0001-1086x1536.jpg 1086w, https:\/\/progepe.ufape.edu.br\/wp-content\/uploads\/2025\/10\/Wallacy-Evangelista_page-0001.jpg 1241w\" sizes=\"(max-width: 768px) 100vw, 768px\" \/>\t\t\t\t\t\t\t\t\t\t\t\t\t\t\t<\/div>\n\t\t\t\t\t<\/div>\n\t\t<\/div>\n\t\t\t\t<div class=\"elementor-column elementor-col-66 elementor-inner-column elementor-element elementor-element-aed748e\" data-id=\"aed748e\" data-element_type=\"column\">\n\t\t\t<div class=\"elementor-widget-wrap elementor-element-populated\">\n\t\t\t\t\t\t<div class=\"elementor-element elementor-element-8732108 elementor-widget elementor-widget-heading\" data-id=\"8732108\" data-element_type=\"widget\" data-widget_type=\"heading.default\">\n\t\t\t\t\t<h2 class=\"elementor-heading-title elementor-size-default\">Chefe De Se\u00e7\u00e3o<\/h2>\t\t\t\t<\/div>\n\t\t\t\t<div class=\"elementor-element elementor-element-c78391d elementor-widget elementor-widget-image-box\" data-id=\"c78391d\" data-element_type=\"widget\" data-widget_type=\"image-box.default\">\n\t\t\t\t\t<div class=\"elementor-image-box-wrapper\"><div class=\"elementor-image-box-content\"><div class=\"elementor-image-box-title\">Wallacy Evangelista Da Silva<\/div><\/div><\/div>\t\t\t\t<\/div>\n\t\t\t\t<div class=\"elementor-element elementor-element-76d6a46 elementor-widget elementor-widget-text-editor\" data-id=\"76d6a46\" data-element_type=\"widget\" data-widget_type=\"text-editor.default\">\n\t\t\t\t\t\t\t\t\t<p><span style=\"color: #808080;\"><a class=\"p480bb Sq3iG\" style=\"text-decoration: none; color: #808080;\" href=\"mailto:wallacy.silva@ufape.edu.br\">wallacy.silva@ufape.edu.br<\/a><\/span><\/p><p>E-mail do SAD: <span style=\"color: #808080;\"><a class=\"p480bb Sq3iG\" style=\"text-decoration: none; color: #808080;\" href=\"mailto:sad.ddp.progepe@ufape.edu.br\">sad.ddp.progepe@ufape.edu.br<\/a><\/span><\/p>\t\t\t\t\t\t\t\t<\/div>\n\t\t\t\t\t<\/div>\n\t\t<\/div>\n\t\t\t\t\t<\/div>\n\t\t<\/section>\n\t\t\t\t\t<\/div>\n\t\t<\/div>\n\t\t\t\t\t<\/div>\n\t\t<\/section>\n\t\t\t\t<\/div>\n\t\t","protected":false},"excerpt":{"rendered":"<p>Equipe DEPARTAMENTO DE DESEMPENHO E DESENVOLVIMENTO DE PESSOAS (DDP) Diretora Ilca Suzana Lopes Vilela ilca.vilela@ufape.edu.br E-mail do DDP: ddp.progepe@ufape.edu.br COORDENA\u00c7\u00c3O DE CONCURSOS E DESENVOLVIMENTO DE PESSOAS (CCDP) Coordenador Rodrigo Lira De Oliveira rodrigo.lira@ufape.edu.br E-mail do CCDP: coordenacao.cdp@ufape.edu.br SE\u00c7\u00c3O DE AVALIACAO DE DESEMPENHO (SAD) Chefe De Se\u00e7\u00e3o Wallacy Evangelista Da Silva wallacy.silva@ufape.edu.br E-mail do SAD: sad.ddp.progepe@ufape.edu.br<\/p>\n","protected":false},"author":1,"featured_media":0,"parent":0,"menu_order":0,"comment_status":"closed","ping_status":"closed","template":"","meta":{"site-sidebar-layout":"no-sidebar","site-content-layout":"","ast-site-content-layout":"full-width-container","site-content-style":"default","site-sidebar-style":"default","ast-global-header-display":"","ast-banner-title-visibility":"","ast-main-header-display":"","ast-hfb-above-header-display":"","ast-hfb-below-header-display":"","ast-hfb-mobile-header-display":"","site-post-title":"disabled","ast-breadcrumbs-content":"","ast-featured-img":"disabled","footer-sml-layout":"","theme-transparent-header-meta":"","adv-header-id-meta":"","stick-header-meta":"","header-above-stick-meta":"","header-main-stick-meta":"","header-below-stick-meta":"","astra-migrate-meta-layouts":"default","ast-page-background-enabled":"default","ast-page-background-meta":{"desktop":{"background-color":"var(--ast-global-color-5)","background-image":"","background-repeat":"repeat","background-position":"center center","background-size":"auto","background-attachment":"scroll","background-type":"","background-media":"","overlay-type":"","overlay-color":"","overlay-opacity":"","overlay-gradient":""},"tablet":{"background-color":"","background-image":"","background-repeat":"repeat","background-position":"center center","background-size":"auto","background-attachment":"scroll","background-type":"","background-media":"","overlay-type":"","overlay-color":"","overlay-opacity":"","overlay-gradient":""},"mobile":{"background-color":"","background-image":"","background-repeat":"repeat","background-position":"center center","background-size":"auto","background-attachment":"scroll","background-type":"","background-media":"","overlay-type":"","overlay-color":"","overlay-opacity":"","overlay-gradient":""}},"ast-content-background-meta":{"desktop":{"background-color":"var(--ast-global-color-4)","background-image":"","background-repeat":"repeat","background-position":"center center","background-size":"auto","background-attachment":"scroll","background-type":"","background-media":"","overlay-type":"","overlay-color":"","overlay-opacity":"","overlay-gradient":""},"tablet":{"background-color":"var(--ast-global-color-4)","background-image":"","background-repeat":"repeat","background-position":"center center","background-size":"auto","background-attachment":"scroll","background-type":"","background-media":"","overlay-type":"","overlay-color":"","overlay-opacity":"","overlay-gradient":""},"mobile":{"background-color":"var(--ast-global-color-4)","background-image":"","background-repeat":"repeat","background-position":"center center","background-size":"auto","background-attachment":"scroll","background-type":"","background-media":"","overlay-type":"","overlay-color":"","overlay-opacity":"","overlay-gradient":""}},"footnotes":""},"class_list":["post-765","page","type-page","status-publish","hentry"],"_links":{"self":[{"href":"https:\/\/progepe.ufape.edu.br\/index.php?rest_route=\/wp\/v2\/pages\/765","targetHints":{"allow":["GET"]}}],"collection":[{"href":"https:\/\/progepe.ufape.edu.br\/index.php?rest_route=\/wp\/v2\/pages"}],"about":[{"href":"https:\/\/progepe.ufape.edu.br\/index.php?rest_route=\/wp\/v2\/types\/page"}],"author":[{"embeddable":true,"href":"https:\/\/progepe.ufape.edu.br\/index.php?rest_route=\/wp\/v2\/users\/1"}],"replies":[{"embeddable":true,"href":"https:\/\/progepe.ufape.edu.br\/index.php?rest_route=%2Fwp%2Fv2%2Fcomments&post=765"}],"version-history":[{"count":10,"href":"https:\/\/progepe.ufape.edu.br\/index.php?rest_route=\/wp\/v2\/pages\/765\/revisions"}],"predecessor-version":[{"id":867,"href":"https:\/\/progepe.ufape.edu.br\/index.php?rest_route=\/wp\/v2\/pages\/765\/revisions\/867"}],"wp:attachment":[{"href":"https:\/\/progepe.ufape.edu.br\/index.php?rest_route=%2Fwp%2Fv2%2Fmedia&parent=765"}],"curies":[{"name":"wp","href":"https:\/\/api.w.org\/{rel}","templated":true}]}}